{"id":85,"date":"2020-12-09T07:31:59","date_gmt":"2020-12-09T06:31:59","guid":{"rendered":"http:\/\/localhost\/?page_id=85"},"modified":"2021-03-11T18:45:41","modified_gmt":"2021-03-11T17:45:41","slug":"kacheloefen-heizkamine-gaskamine","status":"publish","type":"page","link":"https:\/\/flammenambiente.de\/?page_id=85","title":{"rendered":"Kachel\u00f6fen \/ Heizkamine \/ Gaskamine"},"content":{"rendered":"\n\n\t<h4>Kachel\u00f6fen<\/h4>\n\n\t<h4>Grund\u00f6fen<\/h4>\n\n\t<h4>Heizkamine<\/h4>\n\n\t<h1>Unsere Kachel\u00f6fen, Heizkamine und Gaskamine im \u00dcberblick.<\/h1>\n<h3>Ob stimmungsvoller Kachelofen, stilechter Heizkamin oder komfortabler Gaskamin: Wir setzen Ihre W\u00fcnsche in die Tat um &#8211; in Form eines handwerklich erbauten, hochwertigen Einzelst\u00fccks. Sehen Sie hier unsere Leistungen im \u00dcberblick.<\/h3>\n<h4>Kachel\u00f6fen<\/h4>\n<p>Wohlige Strahlungsw\u00e4rme, Gem\u00fctlichkeit, Geborgenheit: Ein Kachelofen bereichert Ihr Zuhause mit vielerlei Qualit\u00e4ten. Auf Wunsch ist auch eine Unterst\u00fctzung Ihrer Heizung m\u00f6glich, so dass mehrere R\u00e4ume oder auch Ihr komplettes Haus beheizt werden k\u00f6nnen. Selbstverst\u00e4ndlich beraten wir Sie auch rund um ein emissionsarmes, umweltfreundliches Heizen, unterst\u00fctzen Sie beim Finden von Bezugsquellen f\u00fcr geeignetes Brennmaterial und geben Ihnen Tipps f\u00fcr die richtige Lagerung.<\/p>\n<p>Zur ersten Orientierung hier unsere Kachelofen-Arten im \u00dcberblick:<\/p>\n<ul>\n<li><strong>Grundofen<\/strong><br \/>\nDie urspr\u00fcnglichste und \u00e4lteste Form des Kachelofens<\/li>\n<li><strong>Kombiofen<\/strong><br \/>\nZeichnet sich durch erh\u00f6hte W\u00e4rmespeicherf\u00e4higkeit aus<\/li>\n<li><strong>Hypokaustenofen<\/strong><br \/>\nBei dieser Variante sind Feuerraum und Nachheizfl\u00e4che von geschlossener Ummauerung umgeben<\/li>\n<li><strong>Warmluftofen<\/strong><br \/>\nDank besonderer Bauweise k\u00f6nnen mit dieser Variante mehrere R\u00e4ume oder auch ganze Etagen beheizt werden<\/li>\n<li><strong>Kachelofen mit Heizungsunterst\u00fctzung<\/strong><br \/>\nGanzj\u00e4hrige, effiziente Energieerzeugung &#8211; ideal vor allem f\u00fcr H\u00e4user mit geringem Energiebedarf<\/li>\n<\/ul>\n<h4>Heizkamine<\/h4>\n<p>Nach einem langen Tag zuhause vor knisterndem Kaminfeuer sitzen, das Spiel der Flammen genie\u00dfen &#8211; all das und vieles mehr bietet ein in bester Handwerkstradition gefertigter Heizkamin von Flammenambiente.<\/p>\n<p>Unsere Heizkamin-Arten im \u00dcberblick:<\/p>\n<ul>\n<li>Offener Kamin<br \/>\nDer \u201eurspr\u00fcngliche&#8220; Kamin; wie alle Heizkamine klassisch mit Brennholz beheizt<\/li>\n<li>Warmluftkamin<br \/>\nIdeal, wenn hohe Warmluftleistung auf kleiner Grundfl\u00e4che ben\u00f6tigt wird<\/li>\n<li>Speicherkamin<br \/>\nVerbindet stimmungsvollen Feuerraum (hinter beweglicher Glast\u00fcre) mit lang anhaltender W\u00e4rmeabgabe<\/li>\n<\/ul>\n<p>&nbsp;<\/p>\n<h4>Gaskamine<\/h4>\n<p>Kaminfeuer auf Knopfdruck &#8211; bei nahezu ebenb\u00fcrtigem Flammenbild: Gaskamine sind heute eine echte Alternative zum Heizkamin. Das Ein- und Ausschalten der Flamme geschieht dabei bequem per Fernbedienung. Eine Vorprogrammierung ist ebenfalls m\u00f6glich, so dass Sie zum Beispiel beim Nachhausekommen ein stimmungsvolles Kaminfeuer begr\u00fc\u00dft. Auch eine ideale L\u00f6sung, wenn die Beschaffung oder Lagerung von Brennholz zu aufwendig ist. Dar\u00fcber hinaus sind Gaskamine besonders sauber im Betrieb, ben\u00f6tigen jedoch trotzdem einen zus\u00e4tzlichen Schornstein. Wir beraten Sie gerne!<\/p>\n\n","protected":false},"excerpt":{"rendered":"<p>Kachel\u00f6fen Grund\u00f6fen Heizkamine Unsere Kachel\u00f6fen, Heizkamine und Gaskamine im \u00dcberblick. Ob stimmungsvoller Kachelofen, stilechter Heizkamin oder komfortabler Gaskamin: Wir setzen Ihre W\u00fcnsche in die Tat um &#8211; in Form eines handwerklich erbauten, hochwertigen Einzelst\u00fccks. Sehen Sie hier unsere Leistungen im \u00dcberblick. Kachel\u00f6fen Wohlige Strahlungsw\u00e4rme, Gem\u00fctlichkeit, Geborgenheit: Ein Kachelofen bereichert Ihr Zuhause mit vielerlei Qualit\u00e4ten. Auf [&hellip;]<\/p>\n","protected":false},"author":1,"featured_media":0,"parent":83,"menu_order":0,"comment_status":"closed","ping_status":"closed","template":"","meta":{"footnotes":""},"class_list":["post-85","page","type-page","status-publish","hentry"],"yoast_head":"<!-- This site is optimized with the Yoast SEO plugin v26.9 - https:\/\/yoast.com\/product\/yoast-seo-wordpress\/ -->\n<title>Kachel\u00f6fen \/ Heizkamine \/ Gaskamine - Kachelofen- und Kaminbau Tobias Schulze<\/title>\n<meta name=\"robots\" content=\"index, follow, max-snippet:-1, max-image-preview:large, max-video-preview:-1\" \/>\n<link rel=\"canonical\" href=\"https:\/\/flammenambiente.de\/?page_id=85\" \/>\n<meta property=\"og:locale\" content=\"de_DE\" \/>\n<meta property=\"og:type\" content=\"article\" \/>\n<meta property=\"og:title\" content=\"Kachel\u00f6fen \/ Heizkamine \/ Gaskamine - Kachelofen- und Kaminbau Tobias Schulze\" \/>\n<meta property=\"og:description\" content=\"Kachel\u00f6fen Grund\u00f6fen Heizkamine Unsere Kachel\u00f6fen, Heizkamine und Gaskamine im \u00dcberblick. Ob stimmungsvoller Kachelofen, stilechter Heizkamin oder komfortabler Gaskamin: Wir setzen Ihre W\u00fcnsche in die Tat um &#8211; in Form eines handwerklich erbauten, hochwertigen Einzelst\u00fccks. Sehen Sie hier unsere Leistungen im \u00dcberblick. Kachel\u00f6fen Wohlige Strahlungsw\u00e4rme, Gem\u00fctlichkeit, Geborgenheit: Ein Kachelofen bereichert Ihr Zuhause mit vielerlei Qualit\u00e4ten. Auf [&hellip;]\" \/>\n<meta property=\"og:url\" content=\"https:\/\/flammenambiente.de\/?page_id=85\" \/>\n<meta property=\"og:site_name\" content=\"Kachelofen- und Kaminbau Tobias Schulze\" \/>\n<meta property=\"article:modified_time\" content=\"2021-03-11T17:45:41+00:00\" \/>\n<meta name=\"twitter:card\" content=\"summary_large_image\" \/>\n<meta name=\"twitter:label1\" content=\"Gesch\u00e4tzte Lesezeit\" \/>\n\t<meta name=\"twitter:data1\" content=\"2\u00a0Minuten\" \/>\n<script type=\"application\/ld+json\" class=\"yoast-schema-graph\">{\"@context\":\"https:\/\/schema.org\",\"@graph\":[{\"@type\":\"WebPage\",\"@id\":\"https:\/\/flammenambiente.de\/?page_id=85\",\"url\":\"https:\/\/flammenambiente.de\/?page_id=85\",\"name\":\"Kachel\u00f6fen \/ Heizkamine \/ Gaskamine - Kachelofen- und Kaminbau Tobias Schulze\",\"isPartOf\":{\"@id\":\"https:\/\/flammenambiente.de\/#website\"},\"datePublished\":\"2020-12-09T06:31:59+00:00\",\"dateModified\":\"2021-03-11T17:45:41+00:00\",\"breadcrumb\":{\"@id\":\"https:\/\/flammenambiente.de\/?page_id=85#breadcrumb\"},\"inLanguage\":\"de\",\"potentialAction\":[{\"@type\":\"ReadAction\",\"target\":[\"https:\/\/flammenambiente.de\/?page_id=85\"]}]},{\"@type\":\"BreadcrumbList\",\"@id\":\"https:\/\/flammenambiente.de\/?page_id=85#breadcrumb\",\"itemListElement\":[{\"@type\":\"ListItem\",\"position\":1,\"name\":\"Start\",\"item\":\"https:\/\/flammenambiente.de\/\"},{\"@type\":\"ListItem\",\"position\":2,\"name\":\"Leistungen\",\"item\":\"https:\/\/flammenambiente.de\/?page_id=83\"},{\"@type\":\"ListItem\",\"position\":3,\"name\":\"Kachel\u00f6fen \/ Heizkamine \/ Gaskamine\"}]},{\"@type\":\"WebSite\",\"@id\":\"https:\/\/flammenambiente.de\/#website\",\"url\":\"https:\/\/flammenambiente.de\/\",\"name\":\"Kachelofen- und Kaminbau Tobias Schulze\",\"description\":\"\",\"potentialAction\":[{\"@type\":\"SearchAction\",\"target\":{\"@type\":\"EntryPoint\",\"urlTemplate\":\"https:\/\/flammenambiente.de\/?s={search_term_string}\"},\"query-input\":{\"@type\":\"PropertyValueSpecification\",\"valueRequired\":true,\"valueName\":\"search_term_string\"}}],\"inLanguage\":\"de\"}]}<\/script>\n<!-- \/ Yoast SEO plugin. -->","yoast_head_json":{"title":"Kachel\u00f6fen \/ Heizkamine \/ Gaskamine - Kachelofen- und Kaminbau Tobias Schulze","robots":{"index":"index","follow":"follow","max-snippet":"max-snippet:-1","max-image-preview":"max-image-preview:large","max-video-preview":"max-video-preview:-1"},"canonical":"https:\/\/flammenambiente.de\/?page_id=85","og_locale":"de_DE","og_type":"article","og_title":"Kachel\u00f6fen \/ Heizkamine \/ Gaskamine - Kachelofen- und Kaminbau Tobias Schulze","og_description":"Kachel\u00f6fen Grund\u00f6fen Heizkamine Unsere Kachel\u00f6fen, Heizkamine und Gaskamine im \u00dcberblick. Ob stimmungsvoller Kachelofen, stilechter Heizkamin oder komfortabler Gaskamin: Wir setzen Ihre W\u00fcnsche in die Tat um &#8211; in Form eines handwerklich erbauten, hochwertigen Einzelst\u00fccks. Sehen Sie hier unsere Leistungen im \u00dcberblick. Kachel\u00f6fen Wohlige Strahlungsw\u00e4rme, Gem\u00fctlichkeit, Geborgenheit: Ein Kachelofen bereichert Ihr Zuhause mit vielerlei Qualit\u00e4ten. Auf [&hellip;]","og_url":"https:\/\/flammenambiente.de\/?page_id=85","og_site_name":"Kachelofen- und Kaminbau Tobias Schulze","article_modified_time":"2021-03-11T17:45:41+00:00","twitter_card":"summary_large_image","twitter_misc":{"Gesch\u00e4tzte Lesezeit":"2\u00a0Minuten"},"schema":{"@context":"https:\/\/schema.org","@graph":[{"@type":"WebPage","@id":"https:\/\/flammenambiente.de\/?page_id=85","url":"https:\/\/flammenambiente.de\/?page_id=85","name":"Kachel\u00f6fen \/ Heizkamine \/ Gaskamine - Kachelofen- und Kaminbau Tobias Schulze","isPartOf":{"@id":"https:\/\/flammenambiente.de\/#website"},"datePublished":"2020-12-09T06:31:59+00:00","dateModified":"2021-03-11T17:45:41+00:00","breadcrumb":{"@id":"https:\/\/flammenambiente.de\/?page_id=85#breadcrumb"},"inLanguage":"de","potentialAction":[{"@type":"ReadAction","target":["https:\/\/flammenambiente.de\/?page_id=85"]}]},{"@type":"BreadcrumbList","@id":"https:\/\/flammenambiente.de\/?page_id=85#breadcrumb","itemListElement":[{"@type":"ListItem","position":1,"name":"Start","item":"https:\/\/flammenambiente.de\/"},{"@type":"ListItem","position":2,"name":"Leistungen","item":"https:\/\/flammenambiente.de\/?page_id=83"},{"@type":"ListItem","position":3,"name":"Kachel\u00f6fen \/ Heizkamine \/ Gaskamine"}]},{"@type":"WebSite","@id":"https:\/\/flammenambiente.de\/#website","url":"https:\/\/flammenambiente.de\/","name":"Kachelofen- und Kaminbau Tobias Schulze","description":"","potentialAction":[{"@type":"SearchAction","target":{"@type":"EntryPoint","urlTemplate":"https:\/\/flammenambiente.de\/?s={search_term_string}"},"query-input":{"@type":"PropertyValueSpecification","valueRequired":true,"valueName":"search_term_string"}}],"inLanguage":"de"}]}},"_links":{"self":[{"href":"https:\/\/flammenambiente.de\/index.php?rest_route=\/wp\/v2\/pages\/85","targetHints":{"allow":["GET"]}}],"collection":[{"href":"https:\/\/flammenambiente.de\/index.php?rest_route=\/wp\/v2\/pages"}],"about":[{"href":"https:\/\/flammenambiente.de\/index.php?rest_route=\/wp\/v2\/types\/page"}],"author":[{"embeddable":true,"href":"https:\/\/flammenambiente.de\/index.php?rest_route=\/wp\/v2\/users\/1"}],"replies":[{"embeddable":true,"href":"https:\/\/flammenambiente.de\/index.php?rest_route=%2Fwp%2Fv2%2Fcomments&post=85"}],"version-history":[{"count":7,"href":"https:\/\/flammenambiente.de\/index.php?rest_route=\/wp\/v2\/pages\/85\/revisions"}],"predecessor-version":[{"id":345,"href":"https:\/\/flammenambiente.de\/index.php?rest_route=\/wp\/v2\/pages\/85\/revisions\/345"}],"up":[{"embeddable":true,"href":"https:\/\/flammenambiente.de\/index.php?rest_route=\/wp\/v2\/pages\/83"}],"wp:attachment":[{"href":"https:\/\/flammenambiente.de\/index.php?rest_route=%2Fwp%2Fv2%2Fmedia&parent=85"}],"curies":[{"name":"wp","href":"https:\/\/api.w.org\/{rel}","templated":true}]}}