{"id":81,"date":"2020-12-09T07:30:40","date_gmt":"2020-12-09T06:30:40","guid":{"rendered":"http:\/\/localhost\/?page_id=81"},"modified":"2021-03-11T18:49:44","modified_gmt":"2021-03-11T17:49:44","slug":"wir-ueber-uns","status":"publish","type":"page","link":"https:\/\/flammenambiente.de\/?page_id=81","title":{"rendered":"Wir \u00fcber uns"},"content":{"rendered":"\n\n\t\t\t\t<img loading=\"lazy\" decoding=\"async\" src=\"http:\/\/localhost\/wp-content\/uploads\/2021\/02\/Kamine_und_Kachelofen_Wessobrunn.jpg\" alt=\"Kamine_und_Kachelofen_Wessobrunn\" itemprop=\"image\" height=\"521\" width=\"560\" title=\"Kamine_und_Kachelofen_Wessobrunn\" onerror=\"this.style.display='none'\"  \/>\n\t<h1>Wir \u00fcber uns.<\/h1>\n<h3>Echte Leidenschaft f\u00fcr Kachel\u00f6fen, Kamine und K\u00fcchenherde in bester Handwerkstradition &#8211; das ist es, was uns jeden Tag aufs Neue beseelt. Von unserem Standort in Wessobrunn-Forst in Oberbayern aus ist unsere Arbeit heute in ganz Deutschland gefragt.<\/h3>\n<p>Mit einer erfolgreich abgeschlossenen Ausbildung zum Ofenbauer legte Inhaber Tobias Schulze in den 1990er Jahren die Grundlage, mit Flammenambiente seine gro\u00dfe Berufung zu leben: Traditionelle W\u00e4rmeerzeugung mit Holz und handwerkliche Baukunst zu einer stilvollen Einheit zu verbinden &#8211; was sich schon in unserem Firmennamen widerspiegelt. Seit 2014 ist er auch Inhaber des Meistertitels im Kachelofen- und Kaminbauerhandwerk.<\/p>\n<p>Kooperationen mit ausgesuchten Schmiedemeistern und Keramikern sorgen daf\u00fcr, dass sich das hohe Niveau unserer Arbeit auch bei Komponenten wie Kacheln oder Ofent\u00fcren nahtlos fortsetzt. Die B\u00fcroleitung und Terminkoordination verantwortet Katrin Schulze.<\/p>\n\n","protected":false},"excerpt":{"rendered":"<p>Wir \u00fcber uns. Echte Leidenschaft f\u00fcr Kachel\u00f6fen, Kamine und K\u00fcchenherde in bester Handwerkstradition &#8211; das ist es, was uns jeden Tag aufs Neue beseelt. Von unserem Standort in Wessobrunn-Forst in Oberbayern aus ist unsere Arbeit heute in ganz Deutschland gefragt. Mit einer erfolgreich abgeschlossenen Ausbildung zum Ofenbauer legte Inhaber Tobias Schulze in den 1990er Jahren [&hellip;]<\/p>\n","protected":false},"author":1,"featured_media":0,"parent":0,"menu_order":0,"comment_status":"closed","ping_status":"closed","template":"","meta":{"footnotes":""},"class_list":["post-81","page","type-page","status-publish","hentry"],"yoast_head":"<!-- This site is optimized with the Yoast SEO plugin v26.9 - https:\/\/yoast.com\/product\/yoast-seo-wordpress\/ -->\n<title>Wir \u00fcber uns - Kachelofen- und Kaminbau Tobias Schulze<\/title>\n<meta name=\"robots\" content=\"index, follow, max-snippet:-1, max-image-preview:large, max-video-preview:-1\" \/>\n<link rel=\"canonical\" href=\"https:\/\/flammenambiente.de\/?page_id=81\" \/>\n<meta property=\"og:locale\" content=\"de_DE\" \/>\n<meta property=\"og:type\" content=\"article\" \/>\n<meta property=\"og:title\" content=\"Wir \u00fcber uns - Kachelofen- und Kaminbau Tobias Schulze\" \/>\n<meta property=\"og:description\" content=\"Wir \u00fcber uns. Echte Leidenschaft f\u00fcr Kachel\u00f6fen, Kamine und K\u00fcchenherde in bester Handwerkstradition &#8211; das ist es, was uns jeden Tag aufs Neue beseelt. Von unserem Standort in Wessobrunn-Forst in Oberbayern aus ist unsere Arbeit heute in ganz Deutschland gefragt. Mit einer erfolgreich abgeschlossenen Ausbildung zum Ofenbauer legte Inhaber Tobias Schulze in den 1990er Jahren [&hellip;]\" \/>\n<meta property=\"og:url\" content=\"https:\/\/flammenambiente.de\/?page_id=81\" \/>\n<meta property=\"og:site_name\" content=\"Kachelofen- und Kaminbau Tobias Schulze\" \/>\n<meta property=\"article:modified_time\" content=\"2021-03-11T17:49:44+00:00\" \/>\n<meta property=\"og:image\" content=\"http:\/\/localhost\/wp-content\/uploads\/2021\/02\/Kamine_und_Kachelofen_Wessobrunn.jpg\" \/>\n<meta name=\"twitter:card\" content=\"summary_large_image\" \/>\n<meta name=\"twitter:label1\" content=\"Gesch\u00e4tzte Lesezeit\" \/>\n\t<meta name=\"twitter:data1\" content=\"1\u00a0Minute\" \/>\n<script type=\"application\/ld+json\" class=\"yoast-schema-graph\">{\"@context\":\"https:\/\/schema.org\",\"@graph\":[{\"@type\":\"WebPage\",\"@id\":\"https:\/\/flammenambiente.de\/?page_id=81\",\"url\":\"https:\/\/flammenambiente.de\/?page_id=81\",\"name\":\"Wir \u00fcber uns - Kachelofen- und Kaminbau Tobias Schulze\",\"isPartOf\":{\"@id\":\"https:\/\/flammenambiente.de\/#website\"},\"primaryImageOfPage\":{\"@id\":\"https:\/\/flammenambiente.de\/?page_id=81#primaryimage\"},\"image\":{\"@id\":\"https:\/\/flammenambiente.de\/?page_id=81#primaryimage\"},\"thumbnailUrl\":\"http:\/\/localhost\/wp-content\/uploads\/2021\/02\/Kamine_und_Kachelofen_Wessobrunn.jpg\",\"datePublished\":\"2020-12-09T06:30:40+00:00\",\"dateModified\":\"2021-03-11T17:49:44+00:00\",\"breadcrumb\":{\"@id\":\"https:\/\/flammenambiente.de\/?page_id=81#breadcrumb\"},\"inLanguage\":\"de\",\"potentialAction\":[{\"@type\":\"ReadAction\",\"target\":[\"https:\/\/flammenambiente.de\/?page_id=81\"]}]},{\"@type\":\"ImageObject\",\"inLanguage\":\"de\",\"@id\":\"https:\/\/flammenambiente.de\/?page_id=81#primaryimage\",\"url\":\"http:\/\/localhost\/wp-content\/uploads\/2021\/02\/Kamine_und_Kachelofen_Wessobrunn.jpg\",\"contentUrl\":\"http:\/\/localhost\/wp-content\/uploads\/2021\/02\/Kamine_und_Kachelofen_Wessobrunn.jpg\"},{\"@type\":\"BreadcrumbList\",\"@id\":\"https:\/\/flammenambiente.de\/?page_id=81#breadcrumb\",\"itemListElement\":[{\"@type\":\"ListItem\",\"position\":1,\"name\":\"Start\",\"item\":\"https:\/\/flammenambiente.de\/\"},{\"@type\":\"ListItem\",\"position\":2,\"name\":\"Wir \u00fcber uns\"}]},{\"@type\":\"WebSite\",\"@id\":\"https:\/\/flammenambiente.de\/#website\",\"url\":\"https:\/\/flammenambiente.de\/\",\"name\":\"Kachelofen- und Kaminbau Tobias Schulze\",\"description\":\"\",\"potentialAction\":[{\"@type\":\"SearchAction\",\"target\":{\"@type\":\"EntryPoint\",\"urlTemplate\":\"https:\/\/flammenambiente.de\/?s={search_term_string}\"},\"query-input\":{\"@type\":\"PropertyValueSpecification\",\"valueRequired\":true,\"valueName\":\"search_term_string\"}}],\"inLanguage\":\"de\"}]}<\/script>\n<!-- \/ Yoast SEO plugin. -->","yoast_head_json":{"title":"Wir \u00fcber uns - Kachelofen- und Kaminbau Tobias Schulze","robots":{"index":"index","follow":"follow","max-snippet":"max-snippet:-1","max-image-preview":"max-image-preview:large","max-video-preview":"max-video-preview:-1"},"canonical":"https:\/\/flammenambiente.de\/?page_id=81","og_locale":"de_DE","og_type":"article","og_title":"Wir \u00fcber uns - Kachelofen- und Kaminbau Tobias Schulze","og_description":"Wir \u00fcber uns. Echte Leidenschaft f\u00fcr Kachel\u00f6fen, Kamine und K\u00fcchenherde in bester Handwerkstradition &#8211; das ist es, was uns jeden Tag aufs Neue beseelt. Von unserem Standort in Wessobrunn-Forst in Oberbayern aus ist unsere Arbeit heute in ganz Deutschland gefragt. Mit einer erfolgreich abgeschlossenen Ausbildung zum Ofenbauer legte Inhaber Tobias Schulze in den 1990er Jahren [&hellip;]","og_url":"https:\/\/flammenambiente.de\/?page_id=81","og_site_name":"Kachelofen- und Kaminbau Tobias Schulze","article_modified_time":"2021-03-11T17:49:44+00:00","og_image":[{"url":"http:\/\/localhost\/wp-content\/uploads\/2021\/02\/Kamine_und_Kachelofen_Wessobrunn.jpg","type":"","width":"","height":""}],"twitter_card":"summary_large_image","twitter_misc":{"Gesch\u00e4tzte Lesezeit":"1\u00a0Minute"},"schema":{"@context":"https:\/\/schema.org","@graph":[{"@type":"WebPage","@id":"https:\/\/flammenambiente.de\/?page_id=81","url":"https:\/\/flammenambiente.de\/?page_id=81","name":"Wir \u00fcber uns - Kachelofen- und Kaminbau Tobias Schulze","isPartOf":{"@id":"https:\/\/flammenambiente.de\/#website"},"primaryImageOfPage":{"@id":"https:\/\/flammenambiente.de\/?page_id=81#primaryimage"},"image":{"@id":"https:\/\/flammenambiente.de\/?page_id=81#primaryimage"},"thumbnailUrl":"http:\/\/localhost\/wp-content\/uploads\/2021\/02\/Kamine_und_Kachelofen_Wessobrunn.jpg","datePublished":"2020-12-09T06:30:40+00:00","dateModified":"2021-03-11T17:49:44+00:00","breadcrumb":{"@id":"https:\/\/flammenambiente.de\/?page_id=81#breadcrumb"},"inLanguage":"de","potentialAction":[{"@type":"ReadAction","target":["https:\/\/flammenambiente.de\/?page_id=81"]}]},{"@type":"ImageObject","inLanguage":"de","@id":"https:\/\/flammenambiente.de\/?page_id=81#primaryimage","url":"http:\/\/localhost\/wp-content\/uploads\/2021\/02\/Kamine_und_Kachelofen_Wessobrunn.jpg","contentUrl":"http:\/\/localhost\/wp-content\/uploads\/2021\/02\/Kamine_und_Kachelofen_Wessobrunn.jpg"},{"@type":"BreadcrumbList","@id":"https:\/\/flammenambiente.de\/?page_id=81#breadcrumb","itemListElement":[{"@type":"ListItem","position":1,"name":"Start","item":"https:\/\/flammenambiente.de\/"},{"@type":"ListItem","position":2,"name":"Wir \u00fcber uns"}]},{"@type":"WebSite","@id":"https:\/\/flammenambiente.de\/#website","url":"https:\/\/flammenambiente.de\/","name":"Kachelofen- und Kaminbau Tobias Schulze","description":"","potentialAction":[{"@type":"SearchAction","target":{"@type":"EntryPoint","urlTemplate":"https:\/\/flammenambiente.de\/?s={search_term_string}"},"query-input":{"@type":"PropertyValueSpecification","valueRequired":true,"valueName":"search_term_string"}}],"inLanguage":"de"}]}},"_links":{"self":[{"href":"https:\/\/flammenambiente.de\/index.php?rest_route=\/wp\/v2\/pages\/81","targetHints":{"allow":["GET"]}}],"collection":[{"href":"https:\/\/flammenambiente.de\/index.php?rest_route=\/wp\/v2\/pages"}],"about":[{"href":"https:\/\/flammenambiente.de\/index.php?rest_route=\/wp\/v2\/types\/page"}],"author":[{"embeddable":true,"href":"https:\/\/flammenambiente.de\/index.php?rest_route=\/wp\/v2\/users\/1"}],"replies":[{"embeddable":true,"href":"https:\/\/flammenambiente.de\/index.php?rest_route=%2Fwp%2Fv2%2Fcomments&post=81"}],"version-history":[{"count":3,"href":"https:\/\/flammenambiente.de\/index.php?rest_route=\/wp\/v2\/pages\/81\/revisions"}],"predecessor-version":[{"id":332,"href":"https:\/\/flammenambiente.de\/index.php?rest_route=\/wp\/v2\/pages\/81\/revisions\/332"}],"wp:attachment":[{"href":"https:\/\/flammenambiente.de\/index.php?rest_route=%2Fwp%2Fv2%2Fmedia&parent=81"}],"curies":[{"name":"wp","href":"https:\/\/api.w.org\/{rel}","templated":true}]}}