{"id":74,"date":"2020-12-09T07:00:14","date_gmt":"2020-12-09T06:00:14","guid":{"rendered":"http:\/\/localhost\/?page_id=74"},"modified":"2021-03-11T18:50:12","modified_gmt":"2021-03-11T17:50:12","slug":"startseite","status":"publish","type":"page","link":"https:\/\/flammenambiente.de\/","title":{"rendered":"Startseite"},"content":{"rendered":"\n\n\t\t\t\t<img loading=\"lazy\" decoding=\"async\" src=\"http:\/\/localhost\/wp-content\/uploads\/2020\/12\/hero.jpg\" alt=\"hero\" itemprop=\"image\" height=\"521\" width=\"560\" title=\"hero\" onerror=\"this.style.display='none'\"  \/>\n\t<h1>Flammenambiente: Kachel\u00f6fen, Kamine und K\u00fcchenherde<br \/>\nin bester Handwerkstradition.<\/h1>\n<h3>Die unvergleichliche W\u00e4rme eines echten Kachelofens, der Zauber eines stilvollen offenen Kamins, der Charme eines handwerklich gefertigten K\u00fcchenherds &#8211; mit uns wird Ihr Traum Wirklichkeit: Willkommen bei Flammenambiente in Wessobrunn-Forst!<\/h3>\n<p>Privatkunden aus ganz Deutschland sch\u00e4tzen unsere sorgf\u00e4ltig geplanten und angefertigten Kachel\u00f6fen, Heiz- und Gaskamine sowie K\u00fcchenherde. Ausgesuchte, \u00fcberwiegend handwerklich hergestellte Materialien und Komponenten sorgen dabei sowohl f\u00fcr hohe Best\u00e4ndigkeit als auch ein unverwechselbares Erscheinungsbild. Eine durchdachte Konzeption stellt sicher, dass alle Emissionsvorschriften und Feinstaub-Grenzwerte zuverl\u00e4ssig eingehalten werden.<\/p>\n<p>Gerne zeigen wir Ihnen auch, wie sich Atmosph\u00e4re und praktischer Nutzen unauff\u00e4llig kombinieren lassen &#8211; zum Beispiel in Form einer wasserf\u00fchrenden Anlage, mit der mehrere R\u00e4ume oder auch das gesamte Haus geheizt werden k\u00f6nnen. Auf Wunsch sanieren wir auch Ihre vorhandenen Einrichtungen oder passen Ihre Ofen- oder Kaminanlage an aktuelle gesetzliche Vorgaben an. Rufen Sie uns einfach an, wir beraten Sie gerne!<\/p>\n\n","protected":false},"excerpt":{"rendered":"<p>Flammenambiente: Kachel\u00f6fen, Kamine und K\u00fcchenherde in bester Handwerkstradition. Die unvergleichliche W\u00e4rme eines echten Kachelofens, der Zauber eines stilvollen offenen Kamins, der Charme eines handwerklich gefertigten K\u00fcchenherds &#8211; mit uns wird Ihr Traum Wirklichkeit: Willkommen bei Flammenambiente in Wessobrunn-Forst! Privatkunden aus ganz Deutschland sch\u00e4tzen unsere sorgf\u00e4ltig geplanten und angefertigten Kachel\u00f6fen, Heiz- und Gaskamine sowie K\u00fcchenherde. Ausgesuchte, [&hellip;]<\/p>\n","protected":false},"author":1,"featured_media":0,"parent":0,"menu_order":0,"comment_status":"closed","ping_status":"closed","template":"","meta":{"footnotes":""},"class_list":["post-74","page","type-page","status-publish","hentry"],"yoast_head":"<!-- This site is optimized with the Yoast SEO plugin v26.9 - https:\/\/yoast.com\/product\/yoast-seo-wordpress\/ -->\n<title>Startseite - Kachelofen- und Kaminbau Tobias Schulze<\/title>\n<meta name=\"robots\" content=\"index, follow, max-snippet:-1, max-image-preview:large, max-video-preview:-1\" \/>\n<link rel=\"canonical\" href=\"https:\/\/flammenambiente.de\/\" \/>\n<meta property=\"og:locale\" content=\"de_DE\" \/>\n<meta property=\"og:type\" content=\"article\" \/>\n<meta property=\"og:title\" content=\"Startseite - Kachelofen- und Kaminbau Tobias Schulze\" \/>\n<meta property=\"og:description\" content=\"Flammenambiente: Kachel\u00f6fen, Kamine und K\u00fcchenherde in bester Handwerkstradition. Die unvergleichliche W\u00e4rme eines echten Kachelofens, der Zauber eines stilvollen offenen Kamins, der Charme eines handwerklich gefertigten K\u00fcchenherds &#8211; mit uns wird Ihr Traum Wirklichkeit: Willkommen bei Flammenambiente in Wessobrunn-Forst! Privatkunden aus ganz Deutschland sch\u00e4tzen unsere sorgf\u00e4ltig geplanten und angefertigten Kachel\u00f6fen, Heiz- und Gaskamine sowie K\u00fcchenherde. Ausgesuchte, [&hellip;]\" \/>\n<meta property=\"og:url\" content=\"https:\/\/flammenambiente.de\/\" \/>\n<meta property=\"og:site_name\" content=\"Kachelofen- und Kaminbau Tobias Schulze\" \/>\n<meta property=\"article:modified_time\" content=\"2021-03-11T17:50:12+00:00\" \/>\n<meta property=\"og:image\" content=\"http:\/\/localhost\/wp-content\/uploads\/2020\/12\/hero.jpg\" \/>\n<meta name=\"twitter:card\" content=\"summary_large_image\" \/>\n<meta name=\"twitter:label1\" content=\"Gesch\u00e4tzte Lesezeit\" \/>\n\t<meta name=\"twitter:data1\" content=\"1\u00a0Minute\" \/>\n<script type=\"application\/ld+json\" class=\"yoast-schema-graph\">{\"@context\":\"https:\/\/schema.org\",\"@graph\":[{\"@type\":\"WebPage\",\"@id\":\"https:\/\/flammenambiente.de\/\",\"url\":\"https:\/\/flammenambiente.de\/\",\"name\":\"Startseite - Kachelofen- und Kaminbau Tobias Schulze\",\"isPartOf\":{\"@id\":\"https:\/\/flammenambiente.de\/#website\"},\"primaryImageOfPage\":{\"@id\":\"https:\/\/flammenambiente.de\/#primaryimage\"},\"image\":{\"@id\":\"https:\/\/flammenambiente.de\/#primaryimage\"},\"thumbnailUrl\":\"http:\/\/localhost\/wp-content\/uploads\/2020\/12\/hero.jpg\",\"datePublished\":\"2020-12-09T06:00:14+00:00\",\"dateModified\":\"2021-03-11T17:50:12+00:00\",\"breadcrumb\":{\"@id\":\"https:\/\/flammenambiente.de\/#breadcrumb\"},\"inLanguage\":\"de\",\"potentialAction\":[{\"@type\":\"ReadAction\",\"target\":[\"https:\/\/flammenambiente.de\/\"]}]},{\"@type\":\"ImageObject\",\"inLanguage\":\"de\",\"@id\":\"https:\/\/flammenambiente.de\/#primaryimage\",\"url\":\"http:\/\/localhost\/wp-content\/uploads\/2020\/12\/hero.jpg\",\"contentUrl\":\"http:\/\/localhost\/wp-content\/uploads\/2020\/12\/hero.jpg\"},{\"@type\":\"BreadcrumbList\",\"@id\":\"https:\/\/flammenambiente.de\/#breadcrumb\",\"itemListElement\":[{\"@type\":\"ListItem\",\"position\":1,\"name\":\"Start\",\"item\":\"https:\/\/flammenambiente.de\/\"},{\"@type\":\"ListItem\",\"position\":2,\"name\":\"Startseite\"}]},{\"@type\":\"WebSite\",\"@id\":\"https:\/\/flammenambiente.de\/#website\",\"url\":\"https:\/\/flammenambiente.de\/\",\"name\":\"Kachelofen- und Kaminbau Tobias Schulze\",\"description\":\"\",\"potentialAction\":[{\"@type\":\"SearchAction\",\"target\":{\"@type\":\"EntryPoint\",\"urlTemplate\":\"https:\/\/flammenambiente.de\/?s={search_term_string}\"},\"query-input\":{\"@type\":\"PropertyValueSpecification\",\"valueRequired\":true,\"valueName\":\"search_term_string\"}}],\"inLanguage\":\"de\"}]}<\/script>\n<!-- \/ Yoast SEO plugin. -->","yoast_head_json":{"title":"Startseite - Kachelofen- und Kaminbau Tobias Schulze","robots":{"index":"index","follow":"follow","max-snippet":"max-snippet:-1","max-image-preview":"max-image-preview:large","max-video-preview":"max-video-preview:-1"},"canonical":"https:\/\/flammenambiente.de\/","og_locale":"de_DE","og_type":"article","og_title":"Startseite - Kachelofen- und Kaminbau Tobias Schulze","og_description":"Flammenambiente: Kachel\u00f6fen, Kamine und K\u00fcchenherde in bester Handwerkstradition. Die unvergleichliche W\u00e4rme eines echten Kachelofens, der Zauber eines stilvollen offenen Kamins, der Charme eines handwerklich gefertigten K\u00fcchenherds &#8211; mit uns wird Ihr Traum Wirklichkeit: Willkommen bei Flammenambiente in Wessobrunn-Forst! Privatkunden aus ganz Deutschland sch\u00e4tzen unsere sorgf\u00e4ltig geplanten und angefertigten Kachel\u00f6fen, Heiz- und Gaskamine sowie K\u00fcchenherde. Ausgesuchte, [&hellip;]","og_url":"https:\/\/flammenambiente.de\/","og_site_name":"Kachelofen- und Kaminbau Tobias Schulze","article_modified_time":"2021-03-11T17:50:12+00:00","og_image":[{"url":"http:\/\/localhost\/wp-content\/uploads\/2020\/12\/hero.jpg","type":"","width":"","height":""}],"twitter_card":"summary_large_image","twitter_misc":{"Gesch\u00e4tzte Lesezeit":"1\u00a0Minute"},"schema":{"@context":"https:\/\/schema.org","@graph":[{"@type":"WebPage","@id":"https:\/\/flammenambiente.de\/","url":"https:\/\/flammenambiente.de\/","name":"Startseite - Kachelofen- und Kaminbau Tobias Schulze","isPartOf":{"@id":"https:\/\/flammenambiente.de\/#website"},"primaryImageOfPage":{"@id":"https:\/\/flammenambiente.de\/#primaryimage"},"image":{"@id":"https:\/\/flammenambiente.de\/#primaryimage"},"thumbnailUrl":"http:\/\/localhost\/wp-content\/uploads\/2020\/12\/hero.jpg","datePublished":"2020-12-09T06:00:14+00:00","dateModified":"2021-03-11T17:50:12+00:00","breadcrumb":{"@id":"https:\/\/flammenambiente.de\/#breadcrumb"},"inLanguage":"de","potentialAction":[{"@type":"ReadAction","target":["https:\/\/flammenambiente.de\/"]}]},{"@type":"ImageObject","inLanguage":"de","@id":"https:\/\/flammenambiente.de\/#primaryimage","url":"http:\/\/localhost\/wp-content\/uploads\/2020\/12\/hero.jpg","contentUrl":"http:\/\/localhost\/wp-content\/uploads\/2020\/12\/hero.jpg"},{"@type":"BreadcrumbList","@id":"https:\/\/flammenambiente.de\/#breadcrumb","itemListElement":[{"@type":"ListItem","position":1,"name":"Start","item":"https:\/\/flammenambiente.de\/"},{"@type":"ListItem","position":2,"name":"Startseite"}]},{"@type":"WebSite","@id":"https:\/\/flammenambiente.de\/#website","url":"https:\/\/flammenambiente.de\/","name":"Kachelofen- und Kaminbau Tobias Schulze","description":"","potentialAction":[{"@type":"SearchAction","target":{"@type":"EntryPoint","urlTemplate":"https:\/\/flammenambiente.de\/?s={search_term_string}"},"query-input":{"@type":"PropertyValueSpecification","valueRequired":true,"valueName":"search_term_string"}}],"inLanguage":"de"}]}},"_links":{"self":[{"href":"https:\/\/flammenambiente.de\/index.php?rest_route=\/wp\/v2\/pages\/74","targetHints":{"allow":["GET"]}}],"collection":[{"href":"https:\/\/flammenambiente.de\/index.php?rest_route=\/wp\/v2\/pages"}],"about":[{"href":"https:\/\/flammenambiente.de\/index.php?rest_route=\/wp\/v2\/types\/page"}],"author":[{"embeddable":true,"href":"https:\/\/flammenambiente.de\/index.php?rest_route=\/wp\/v2\/users\/1"}],"replies":[{"embeddable":true,"href":"https:\/\/flammenambiente.de\/index.php?rest_route=%2Fwp%2Fv2%2Fcomments&post=74"}],"version-history":[{"count":38,"href":"https:\/\/flammenambiente.de\/index.php?rest_route=\/wp\/v2\/pages\/74\/revisions"}],"predecessor-version":[{"id":350,"href":"https:\/\/flammenambiente.de\/index.php?rest_route=\/wp\/v2\/pages\/74\/revisions\/350"}],"wp:attachment":[{"href":"https:\/\/flammenambiente.de\/index.php?rest_route=%2Fwp%2Fv2%2Fmedia&parent=74"}],"curies":[{"name":"wp","href":"https:\/\/api.w.org\/{rel}","templated":true}]}}