{"id":252,"date":"2021-02-01T13:45:56","date_gmt":"2021-02-01T12:45:56","guid":{"rendered":"http:\/\/localhost\/?page_id=252"},"modified":"2021-03-11T18:38:36","modified_gmt":"2021-03-11T17:38:36","slug":"projekte","status":"publish","type":"page","link":"https:\/\/flammenambiente.de\/?page_id=252","title":{"rendered":"Projekte"},"content":{"rendered":"\n\n\t<h1>Nina Eichinger &#8211; \u201eHands On&#8220; am Kaminofen in Weicht<\/h1>\n<h3>Jetzt kann der Winter zum \u201aANTENNE BAYERN hilft&#8216; -Haus kommen &#8230;<\/h3>\nDie Schongauer Kaminbaumeister Andreas Seiband (Ortner) und Tobias Schulze haben Artists for Kids zusammen mit den Kaminspezialisten Ortner noch kurz vor Weihnachten einen gro\u00dfen Kaminwunsch f\u00fcr den Landst\u00fctzpunkt in Weicht erf\u00fcllt.<br \/>\nIm gro\u00dfen Aufenthaltsbereich der gerade fertiggestellten Einrichtung ist ein moderner wassergef\u00fchrter Kaminofen entstanden, der den Kindern und Jugendlichen nicht nur viele sch\u00f6ne Winterabende bescheren wird sondern auch wichtige \u00f6kologische Zusammenh\u00e4nge erkl\u00e4ren kann.\n<p>Nina Eichinger (Aufsichtsr\u00e4tin AFK) kam am vergangenen Freitag nach Weicht um den neuen Kaminofen pers\u00f6nlich in Augenschein zu nehmen. Zusammen mit Jugendlichen aus dem Artists for Kids Schulprojekt verewigte sich Nina dann mit ihren Handabdr\u00fccken im frischen Kaminputz. Nina freut sich mit den Kids: \u201eDieser tolle Kamin vervollst\u00e4ndigt das Umweltkonzept des Landst\u00fctzpunktes und macht unseren Kindern und Jugendlichen Energie und W\u00e4rme direkt begreifbar. Vielen Dank an alle Beteiligten und besonders an Andreas Seiband von Ortner, der mit seinen Kontakten und gro\u00dfem pers\u00f6nlichem Engagement dies alles hier erm\u00f6glich hat.&#8220;<\/p>\n<p>\u00dcberhaupt ist das gesamte Bau-Projekt in Weicht alleine \u00fcber Spenden finanziert und konnte nur durch die gro\u00dfe Unterst\u00fctzung von Stiftungen, Handwerkern, Materialspendern und Wirtschaftsunternehmen erfolgreich umgesetzt werden. Ab sofort k\u00f6nnen die betreuten Kinder, Jugendlichen und Familien von Artists for Kids in dieser beruhigten Umgebung sch\u00f6ne Ferientage, intensive Lerncamps und wichtige Krisenauszeiten erleben. Aber auch f\u00fcr die ans\u00e4ssigen Allg\u00e4uer Kids und Familien wird es Angebote rund um Schule, Erziehung und Ausbildung sowie zahlreiche Kreativ &#8211; Workshops geben.<\/p>\nW\u00e4hrend Nina und die Kids versuchen ihren Kalkputz wieder von den H\u00e4nden zu bekommen, freut sich besonders Thomas Beck der Gesch\u00e4ftsf\u00fchrer von Artists for Kids:<br \/>\n\u201eDas heute ist der Anfang unseres Allg\u00e4uer \u201eWalk of Fame&#8220;. Ich hoffe es werden sich noch viele Pers\u00f6nlichkeiten mit H\u00e4nden und F\u00fc\u00dfen hier im Hofhaus verewigen und mithelfen, so nachhaltige Dinge f\u00fcr benachteiligte Kinder und Jugendliche zu erschaffen. Wir sind sehr froh, dass wir jetzt \u00f6fter hier sein werden!&#8220;\n\n\n","protected":false},"excerpt":{"rendered":"<p>Nina Eichinger &#8211; \u201eHands On&#8220; am Kaminofen in Weicht Jetzt kann der Winter zum \u201aANTENNE BAYERN hilft&#8216; -Haus kommen &#8230; Die Schongauer Kaminbaumeister Andreas Seiband (Ortner) und Tobias Schulze haben Artists for Kids zusammen mit den Kaminspezialisten Ortner noch kurz vor Weihnachten einen gro\u00dfen Kaminwunsch f\u00fcr den Landst\u00fctzpunkt in Weicht erf\u00fcllt. Im gro\u00dfen Aufenthaltsbereich der [&hellip;]<\/p>\n","protected":false},"author":1,"featured_media":0,"parent":165,"menu_order":0,"comment_status":"closed","ping_status":"closed","template":"","meta":{"footnotes":""},"class_list":["post-252","page","type-page","status-publish","hentry"],"yoast_head":"<!-- This site is optimized with the Yoast SEO plugin v26.9 - https:\/\/yoast.com\/product\/yoast-seo-wordpress\/ -->\n<title>Projekte - Kachelofen- und Kaminbau Tobias Schulze<\/title>\n<meta name=\"robots\" content=\"index, follow, max-snippet:-1, max-image-preview:large, max-video-preview:-1\" \/>\n<link rel=\"canonical\" href=\"https:\/\/flammenambiente.de\/?page_id=252\" \/>\n<meta property=\"og:locale\" content=\"de_DE\" \/>\n<meta property=\"og:type\" content=\"article\" \/>\n<meta property=\"og:title\" content=\"Projekte - Kachelofen- und Kaminbau Tobias Schulze\" \/>\n<meta property=\"og:description\" content=\"Nina Eichinger &#8211; \u201eHands On&#8220; am Kaminofen in Weicht Jetzt kann der Winter zum \u201aANTENNE BAYERN hilft&#8216; -Haus kommen &#8230; Die Schongauer Kaminbaumeister Andreas Seiband (Ortner) und Tobias Schulze haben Artists for Kids zusammen mit den Kaminspezialisten Ortner noch kurz vor Weihnachten einen gro\u00dfen Kaminwunsch f\u00fcr den Landst\u00fctzpunkt in Weicht erf\u00fcllt. Im gro\u00dfen Aufenthaltsbereich der [&hellip;]\" \/>\n<meta property=\"og:url\" content=\"https:\/\/flammenambiente.de\/?page_id=252\" \/>\n<meta property=\"og:site_name\" content=\"Kachelofen- und Kaminbau Tobias Schulze\" \/>\n<meta property=\"article:modified_time\" content=\"2021-03-11T17:38:36+00:00\" \/>\n<meta name=\"twitter:card\" content=\"summary_large_image\" \/>\n<meta name=\"twitter:label1\" content=\"Gesch\u00e4tzte Lesezeit\" \/>\n\t<meta name=\"twitter:data1\" content=\"2\u00a0Minuten\" \/>\n<script type=\"application\/ld+json\" class=\"yoast-schema-graph\">{\"@context\":\"https:\/\/schema.org\",\"@graph\":[{\"@type\":\"WebPage\",\"@id\":\"https:\/\/flammenambiente.de\/?page_id=252\",\"url\":\"https:\/\/flammenambiente.de\/?page_id=252\",\"name\":\"Projekte - Kachelofen- und Kaminbau Tobias Schulze\",\"isPartOf\":{\"@id\":\"https:\/\/flammenambiente.de\/#website\"},\"datePublished\":\"2021-02-01T12:45:56+00:00\",\"dateModified\":\"2021-03-11T17:38:36+00:00\",\"breadcrumb\":{\"@id\":\"https:\/\/flammenambiente.de\/?page_id=252#breadcrumb\"},\"inLanguage\":\"de\",\"potentialAction\":[{\"@type\":\"ReadAction\",\"target\":[\"https:\/\/flammenambiente.de\/?page_id=252\"]}]},{\"@type\":\"BreadcrumbList\",\"@id\":\"https:\/\/flammenambiente.de\/?page_id=252#breadcrumb\",\"itemListElement\":[{\"@type\":\"ListItem\",\"position\":1,\"name\":\"Start\",\"item\":\"https:\/\/flammenambiente.de\/\"},{\"@type\":\"ListItem\",\"position\":2,\"name\":\"Engagement\",\"item\":\"https:\/\/flammenambiente.de\/?page_id=165\"},{\"@type\":\"ListItem\",\"position\":3,\"name\":\"Projekte\"}]},{\"@type\":\"WebSite\",\"@id\":\"https:\/\/flammenambiente.de\/#website\",\"url\":\"https:\/\/flammenambiente.de\/\",\"name\":\"Kachelofen- und Kaminbau Tobias Schulze\",\"description\":\"\",\"potentialAction\":[{\"@type\":\"SearchAction\",\"target\":{\"@type\":\"EntryPoint\",\"urlTemplate\":\"https:\/\/flammenambiente.de\/?s={search_term_string}\"},\"query-input\":{\"@type\":\"PropertyValueSpecification\",\"valueRequired\":true,\"valueName\":\"search_term_string\"}}],\"inLanguage\":\"de\"}]}<\/script>\n<!-- \/ Yoast SEO plugin. -->","yoast_head_json":{"title":"Projekte - Kachelofen- und Kaminbau Tobias Schulze","robots":{"index":"index","follow":"follow","max-snippet":"max-snippet:-1","max-image-preview":"max-image-preview:large","max-video-preview":"max-video-preview:-1"},"canonical":"https:\/\/flammenambiente.de\/?page_id=252","og_locale":"de_DE","og_type":"article","og_title":"Projekte - Kachelofen- und Kaminbau Tobias Schulze","og_description":"Nina Eichinger &#8211; \u201eHands On&#8220; am Kaminofen in Weicht Jetzt kann der Winter zum \u201aANTENNE BAYERN hilft&#8216; -Haus kommen &#8230; Die Schongauer Kaminbaumeister Andreas Seiband (Ortner) und Tobias Schulze haben Artists for Kids zusammen mit den Kaminspezialisten Ortner noch kurz vor Weihnachten einen gro\u00dfen Kaminwunsch f\u00fcr den Landst\u00fctzpunkt in Weicht erf\u00fcllt. Im gro\u00dfen Aufenthaltsbereich der [&hellip;]","og_url":"https:\/\/flammenambiente.de\/?page_id=252","og_site_name":"Kachelofen- und Kaminbau Tobias Schulze","article_modified_time":"2021-03-11T17:38:36+00:00","twitter_card":"summary_large_image","twitter_misc":{"Gesch\u00e4tzte Lesezeit":"2\u00a0Minuten"},"schema":{"@context":"https:\/\/schema.org","@graph":[{"@type":"WebPage","@id":"https:\/\/flammenambiente.de\/?page_id=252","url":"https:\/\/flammenambiente.de\/?page_id=252","name":"Projekte - Kachelofen- und Kaminbau Tobias Schulze","isPartOf":{"@id":"https:\/\/flammenambiente.de\/#website"},"datePublished":"2021-02-01T12:45:56+00:00","dateModified":"2021-03-11T17:38:36+00:00","breadcrumb":{"@id":"https:\/\/flammenambiente.de\/?page_id=252#breadcrumb"},"inLanguage":"de","potentialAction":[{"@type":"ReadAction","target":["https:\/\/flammenambiente.de\/?page_id=252"]}]},{"@type":"BreadcrumbList","@id":"https:\/\/flammenambiente.de\/?page_id=252#breadcrumb","itemListElement":[{"@type":"ListItem","position":1,"name":"Start","item":"https:\/\/flammenambiente.de\/"},{"@type":"ListItem","position":2,"name":"Engagement","item":"https:\/\/flammenambiente.de\/?page_id=165"},{"@type":"ListItem","position":3,"name":"Projekte"}]},{"@type":"WebSite","@id":"https:\/\/flammenambiente.de\/#website","url":"https:\/\/flammenambiente.de\/","name":"Kachelofen- und Kaminbau Tobias Schulze","description":"","potentialAction":[{"@type":"SearchAction","target":{"@type":"EntryPoint","urlTemplate":"https:\/\/flammenambiente.de\/?s={search_term_string}"},"query-input":{"@type":"PropertyValueSpecification","valueRequired":true,"valueName":"search_term_string"}}],"inLanguage":"de"}]}},"_links":{"self":[{"href":"https:\/\/flammenambiente.de\/index.php?rest_route=\/wp\/v2\/pages\/252","targetHints":{"allow":["GET"]}}],"collection":[{"href":"https:\/\/flammenambiente.de\/index.php?rest_route=\/wp\/v2\/pages"}],"about":[{"href":"https:\/\/flammenambiente.de\/index.php?rest_route=\/wp\/v2\/types\/page"}],"author":[{"embeddable":true,"href":"https:\/\/flammenambiente.de\/index.php?rest_route=\/wp\/v2\/users\/1"}],"replies":[{"embeddable":true,"href":"https:\/\/flammenambiente.de\/index.php?rest_route=%2Fwp%2Fv2%2Fcomments&post=252"}],"version-history":[{"count":4,"href":"https:\/\/flammenambiente.de\/index.php?rest_route=\/wp\/v2\/pages\/252\/revisions"}],"predecessor-version":[{"id":342,"href":"https:\/\/flammenambiente.de\/index.php?rest_route=\/wp\/v2\/pages\/252\/revisions\/342"}],"up":[{"embeddable":true,"href":"https:\/\/flammenambiente.de\/index.php?rest_route=\/wp\/v2\/pages\/165"}],"wp:attachment":[{"href":"https:\/\/flammenambiente.de\/index.php?rest_route=%2Fwp%2Fv2%2Fmedia&parent=252"}],"curies":[{"name":"wp","href":"https:\/\/api.w.org\/{rel}","templated":true}]}}