{"id":173,"date":"2020-12-14T23:03:07","date_gmt":"2020-12-14T22:03:07","guid":{"rendered":"http:\/\/localhost\/?page_id=173"},"modified":"2021-03-15T09:04:05","modified_gmt":"2021-03-15T08:04:05","slug":"impressum","status":"publish","type":"page","link":"https:\/\/flammenambiente.de\/?page_id=173","title":{"rendered":"Impressum"},"content":{"rendered":"\n\n\t<strong>Kachelofen- und Kaminbau<br \/>\n<\/strong>Tobias Schulze\nZehentweg 1<br \/>\n82405 Wessobrunn\/Forst\nTel.: 08809 922 206<br \/>\nMobil: 0160 963 611 75\nEmail:\u00a0<a title=\"Email schreiben\" href=\"mailto:info@flammenambiente.de\">info@flammenambiente.de<\/a><br \/>\nUmsatzsteuer-ID: DE815473138\n<strong>Verantwortlich f\u00fcr den Inhalt der Webseite:<\/strong><br \/>\nHerr Tobias Schulze<br \/>\nZehentweg 1<br \/>\n82405 Wessobrunn\/Forst<br \/>\nTel.: 08809 922 206<br \/>\nMobil: 0160 963 611 75<br \/>\nEmail:<a title=\"Email schreiben\" href=\"mailto:info@flammenambiente.de\">\u00a0info@flammenambiente.de<\/a>\n<strong>Bildnachweis<\/strong>:\u00a0<a title=\"zu Fotolia\" href=\"http:\/\/de.fotolia.com\/\" target=\"_blank\" rel=\"noopener\">fotolia.com<\/a><br \/>\nMulled wine at romantic fireplace Datei: #67198656 | Urheber: Alexander Raths<br \/>\nKaminfeuer Datei: #72266283 | Urheber: by-studio<br \/>\nOfen- und Kaminbau Tobias Schulze;<br \/>\nFoto: ORTNER GmbH\n<p>&nbsp;<\/p>\n<p>Wir bem\u00fchen uns im Rahmen des Zumutbaren, auf dieser Homepage richtige und vollst\u00e4ndige Informationen zur Verf\u00fcgung zu stellen. Wir \u00fcbernehmen jedoch keine Haftung oder Garantie f\u00fcr die Aktualit\u00e4t, Richtigkeit und Vollst\u00e4ndigkeit der auf dieser Homepage bereitgestellten Informationen. Dies gilt auch f\u00fcr alle Verbindungen (Links), auf die diese Homepage direkt oder indirekt verweist. Wir sind f\u00fcr den Inhalt einer Seite, die mit einem solchen Link erreicht wird, nicht verantwortlich. Wir behalten uns das Recht vor, ohne vorherige Ank\u00fcndigung \u00c4nderungen oder Erg\u00e4nzungen der bereitgestellten Informationen vorzunehmen. Der Inhalt dieser Homepage ist urheberrechtlich gesch\u00fctzt. Wir haften nicht f\u00fcr direkte oder indirekte Sch\u00e4den, einschlie\u00dflich entgangenen Gewinns, die in Verbindung mit Informationen entstehen, die auf<\/p>\n\n","protected":false},"excerpt":{"rendered":"<p>Kachelofen- und Kaminbau Tobias Schulze Zehentweg 1 82405 Wessobrunn\/Forst Tel.: 08809 922 206 Mobil: 0160 963 611 75 Email:\u00a0info@flammenambiente.de Umsatzsteuer-ID: DE815473138 Verantwortlich f\u00fcr den Inhalt der Webseite: Herr Tobias Schulze Zehentweg 1 82405 Wessobrunn\/Forst Tel.: 08809 922 206 Mobil: 0160 963 611 75 Email:\u00a0info@flammenambiente.de Bildnachweis:\u00a0fotolia.com Mulled wine at romantic fireplace Datei: #67198656 | Urheber: Alexander [&hellip;]<\/p>\n","protected":false},"author":1,"featured_media":0,"parent":0,"menu_order":0,"comment_status":"closed","ping_status":"closed","template":"","meta":{"footnotes":""},"class_list":["post-173","page","type-page","status-publish","hentry"],"yoast_head":"<!-- This site is optimized with the Yoast SEO plugin v26.9 - https:\/\/yoast.com\/product\/yoast-seo-wordpress\/ -->\n<title>Impressum - Kachelofen- und Kaminbau Tobias Schulze<\/title>\n<meta name=\"robots\" content=\"index, follow, max-snippet:-1, max-image-preview:large, max-video-preview:-1\" \/>\n<link rel=\"canonical\" href=\"https:\/\/flammenambiente.de\/?page_id=173\" \/>\n<meta property=\"og:locale\" content=\"de_DE\" \/>\n<meta property=\"og:type\" content=\"article\" \/>\n<meta property=\"og:title\" content=\"Impressum - Kachelofen- und Kaminbau Tobias Schulze\" \/>\n<meta property=\"og:description\" content=\"Kachelofen- und Kaminbau Tobias Schulze Zehentweg 1 82405 Wessobrunn\/Forst Tel.: 08809 922 206 Mobil: 0160 963 611 75 Email:\u00a0info@flammenambiente.de Umsatzsteuer-ID: DE815473138 Verantwortlich f\u00fcr den Inhalt der Webseite: Herr Tobias Schulze Zehentweg 1 82405 Wessobrunn\/Forst Tel.: 08809 922 206 Mobil: 0160 963 611 75 Email:\u00a0info@flammenambiente.de Bildnachweis:\u00a0fotolia.com Mulled wine at romantic fireplace Datei: #67198656 | Urheber: Alexander [&hellip;]\" \/>\n<meta property=\"og:url\" content=\"https:\/\/flammenambiente.de\/?page_id=173\" \/>\n<meta property=\"og:site_name\" content=\"Kachelofen- und Kaminbau Tobias Schulze\" \/>\n<meta property=\"article:modified_time\" content=\"2021-03-15T08:04:05+00:00\" \/>\n<meta name=\"twitter:card\" content=\"summary_large_image\" \/>\n<meta name=\"twitter:label1\" content=\"Gesch\u00e4tzte Lesezeit\" \/>\n\t<meta name=\"twitter:data1\" content=\"1\u00a0Minute\" \/>\n<script type=\"application\/ld+json\" class=\"yoast-schema-graph\">{\"@context\":\"https:\/\/schema.org\",\"@graph\":[{\"@type\":\"WebPage\",\"@id\":\"https:\/\/flammenambiente.de\/?page_id=173\",\"url\":\"https:\/\/flammenambiente.de\/?page_id=173\",\"name\":\"Impressum - Kachelofen- und Kaminbau Tobias Schulze\",\"isPartOf\":{\"@id\":\"https:\/\/flammenambiente.de\/#website\"},\"datePublished\":\"2020-12-14T22:03:07+00:00\",\"dateModified\":\"2021-03-15T08:04:05+00:00\",\"breadcrumb\":{\"@id\":\"https:\/\/flammenambiente.de\/?page_id=173#breadcrumb\"},\"inLanguage\":\"de\",\"potentialAction\":[{\"@type\":\"ReadAction\",\"target\":[\"https:\/\/flammenambiente.de\/?page_id=173\"]}]},{\"@type\":\"BreadcrumbList\",\"@id\":\"https:\/\/flammenambiente.de\/?page_id=173#breadcrumb\",\"itemListElement\":[{\"@type\":\"ListItem\",\"position\":1,\"name\":\"Start\",\"item\":\"https:\/\/flammenambiente.de\/\"},{\"@type\":\"ListItem\",\"position\":2,\"name\":\"Impressum\"}]},{\"@type\":\"WebSite\",\"@id\":\"https:\/\/flammenambiente.de\/#website\",\"url\":\"https:\/\/flammenambiente.de\/\",\"name\":\"Kachelofen- und Kaminbau Tobias Schulze\",\"description\":\"\",\"potentialAction\":[{\"@type\":\"SearchAction\",\"target\":{\"@type\":\"EntryPoint\",\"urlTemplate\":\"https:\/\/flammenambiente.de\/?s={search_term_string}\"},\"query-input\":{\"@type\":\"PropertyValueSpecification\",\"valueRequired\":true,\"valueName\":\"search_term_string\"}}],\"inLanguage\":\"de\"}]}<\/script>\n<!-- \/ Yoast SEO plugin. -->","yoast_head_json":{"title":"Impressum - Kachelofen- und Kaminbau Tobias Schulze","robots":{"index":"index","follow":"follow","max-snippet":"max-snippet:-1","max-image-preview":"max-image-preview:large","max-video-preview":"max-video-preview:-1"},"canonical":"https:\/\/flammenambiente.de\/?page_id=173","og_locale":"de_DE","og_type":"article","og_title":"Impressum - Kachelofen- und Kaminbau Tobias Schulze","og_description":"Kachelofen- und Kaminbau Tobias Schulze Zehentweg 1 82405 Wessobrunn\/Forst Tel.: 08809 922 206 Mobil: 0160 963 611 75 Email:\u00a0info@flammenambiente.de Umsatzsteuer-ID: DE815473138 Verantwortlich f\u00fcr den Inhalt der Webseite: Herr Tobias Schulze Zehentweg 1 82405 Wessobrunn\/Forst Tel.: 08809 922 206 Mobil: 0160 963 611 75 Email:\u00a0info@flammenambiente.de Bildnachweis:\u00a0fotolia.com Mulled wine at romantic fireplace Datei: #67198656 | Urheber: Alexander [&hellip;]","og_url":"https:\/\/flammenambiente.de\/?page_id=173","og_site_name":"Kachelofen- und Kaminbau Tobias Schulze","article_modified_time":"2021-03-15T08:04:05+00:00","twitter_card":"summary_large_image","twitter_misc":{"Gesch\u00e4tzte Lesezeit":"1\u00a0Minute"},"schema":{"@context":"https:\/\/schema.org","@graph":[{"@type":"WebPage","@id":"https:\/\/flammenambiente.de\/?page_id=173","url":"https:\/\/flammenambiente.de\/?page_id=173","name":"Impressum - Kachelofen- und Kaminbau Tobias Schulze","isPartOf":{"@id":"https:\/\/flammenambiente.de\/#website"},"datePublished":"2020-12-14T22:03:07+00:00","dateModified":"2021-03-15T08:04:05+00:00","breadcrumb":{"@id":"https:\/\/flammenambiente.de\/?page_id=173#breadcrumb"},"inLanguage":"de","potentialAction":[{"@type":"ReadAction","target":["https:\/\/flammenambiente.de\/?page_id=173"]}]},{"@type":"BreadcrumbList","@id":"https:\/\/flammenambiente.de\/?page_id=173#breadcrumb","itemListElement":[{"@type":"ListItem","position":1,"name":"Start","item":"https:\/\/flammenambiente.de\/"},{"@type":"ListItem","position":2,"name":"Impressum"}]},{"@type":"WebSite","@id":"https:\/\/flammenambiente.de\/#website","url":"https:\/\/flammenambiente.de\/","name":"Kachelofen- und Kaminbau Tobias Schulze","description":"","potentialAction":[{"@type":"SearchAction","target":{"@type":"EntryPoint","urlTemplate":"https:\/\/flammenambiente.de\/?s={search_term_string}"},"query-input":{"@type":"PropertyValueSpecification","valueRequired":true,"valueName":"search_term_string"}}],"inLanguage":"de"}]}},"_links":{"self":[{"href":"https:\/\/flammenambiente.de\/index.php?rest_route=\/wp\/v2\/pages\/173","targetHints":{"allow":["GET"]}}],"collection":[{"href":"https:\/\/flammenambiente.de\/index.php?rest_route=\/wp\/v2\/pages"}],"about":[{"href":"https:\/\/flammenambiente.de\/index.php?rest_route=\/wp\/v2\/types\/page"}],"author":[{"embeddable":true,"href":"https:\/\/flammenambiente.de\/index.php?rest_route=\/wp\/v2\/users\/1"}],"replies":[{"embeddable":true,"href":"https:\/\/flammenambiente.de\/index.php?rest_route=%2Fwp%2Fv2%2Fcomments&post=173"}],"version-history":[{"count":5,"href":"https:\/\/flammenambiente.de\/index.php?rest_route=\/wp\/v2\/pages\/173\/revisions"}],"predecessor-version":[{"id":363,"href":"https:\/\/flammenambiente.de\/index.php?rest_route=\/wp\/v2\/pages\/173\/revisions\/363"}],"wp:attachment":[{"href":"https:\/\/flammenambiente.de\/index.php?rest_route=%2Fwp%2Fv2%2Fmedia&parent=173"}],"curies":[{"name":"wp","href":"https:\/\/api.w.org\/{rel}","templated":true}]}}