{"id":169,"date":"2020-12-14T23:02:34","date_gmt":"2020-12-14T22:02:34","guid":{"rendered":"http:\/\/localhost\/?page_id=169"},"modified":"2021-03-11T18:47:49","modified_gmt":"2021-03-11T17:47:49","slug":"sanierung","status":"publish","type":"page","link":"https:\/\/flammenambiente.de\/?page_id=169","title":{"rendered":"Sanierung"},"content":{"rendered":"\n\n\t<h1>Der Umwelt zuliebe: Jetzt Alt gegen Neu tauschen!<\/h1>\n<p>Mit der 1. Bundes-Immissionsschutzverordnung hat der Gesetzgeber Rahmenrichtlinien f\u00fcr die Senkung von Schadstoffabgaben an die Umwelt in zwei Stufen geschaffen. Nach dem 31.12.2014 tritt nun die zweite Stufe in Kraft. Da gerade alte Anlagen einen sehr hohen Schadstoffaussto\u00df verursachen, laufen hier die \u00dcbergangsfristen zu diesem Termin aus.<\/p>\n\t<table> <tbody> <tr> <td><strong>Datum<\/strong><br \/><strong>Typenschild<\/strong><\/td> <td><strong>Zeitpunkt der Nachr\u00fcstung<\/strong><br \/><strong>oder Au\u00dferbetriebnahme<\/strong><\/td> <\/tr> <tr> <td>bis einschlie\u00dflich 31.12.1974<br \/>nicht mehr feststellbar<\/td> <td>31.12.2014<\/td> <\/tr> <tr> <td>1.1.1975-31 .12.1984<\/td> <td>31.12.2017<\/td> <\/tr> <tr> <td>1.1.1985-31 .12.1994<\/td> <td>31.12.2020<\/td> <\/tr> <tr> <td>1.1.1995-21.3.2010 (einschl.)<\/td> <td>31.12.2024<\/td> <\/tr> <\/tbody> <\/table>\n\t<h1>Sanierungen<\/h1>\n<h3>Ob Austausch von Heizeins\u00e4tzen oder professionelles Restaurieren einer historischen Anlage: Gerne sind wir auch f\u00fcr eine Sanierung Ihres Kachelofens, Kamins oder handwerklich erstellten K\u00fcchenherds f\u00fcr Sie da!<\/h3>\n<p>Gerade \u00e4ltere oder historische Kachel\u00f6fen und Kamine gen\u00fcgen meist nicht den aktuellen Emissionsvorschriften. Mit einer professionellen Sanierung sorgen wir daf\u00fcr, dass das vertraute Erscheinungsbild komplett erhalten bleibt &#8211; bei gleichzeitig verl\u00e4sslicher Einhaltung aller gesetzlichen Vorschriften. Dabei bauen wir den vorhandenen Ofen oder Kamin in der Regel komplett ab und erstellen ihn im Anschluss wieder neu aus den vorhandenen Materialien, nun erg\u00e4nzt um das n\u00f6tige moderne Innenleben.<\/p>\n<p>Dar\u00fcber hinaus \u00fcbernehmen wir auch das Austauschen von Heizeins\u00e4tzen, wie es derzeit aufgrund gesetzlicher Vorgaben f\u00fcr viele Kachel\u00f6fen und Kamine vorgeschrieben ist. Rufen Sie uns einfach an, wir machen Ihnen gerne ein Angebot!<\/p>\n<p>Der Bezirksschornsteinfegermeister ist verpflichtet alle Anlagen auf Einhaltung der Immissionswerte zu pr\u00fcfen und bei Abweichungen diese entsprechend stillzulegen.\u00a0<strong>Als Betreiber einer Ofen- bzw. Kaminanlage sollten Sie also m\u00f6glichst schnell mit Ihrem Ofensetzer sprechen, ob ein eventueller Tausch notwendig ist.<\/strong>\u00a0Durch die Investition in eine neue Feuerungstechnik entstehen f\u00fcr Sie viele Vorteile in Bezug auf Effizienz und Kosten:<\/p>\n<ul>\n<li>Erf\u00fcllung der 2. Stufe der 1. BlmSchV<\/li>\n<li>deutliche Schadstoffreduzierung der Umwelt zuliebe weniger Energieverbrauch durch h\u00f6heren Wirkungsgrad<\/li>\n<li>hohe Sicherheit durch neue, moderne Feuerungstechnik<\/li>\n<li>gro\u00dfe Auswahl an Ger\u00e4ten ( Mischbrand I Holzbrand) mit moderner oder klassischer Optik<\/li>\n<li>viele Zubeh\u00f6roptionen (Wassertechnik\/ elektronische Komfortregelungen)<\/li>\n<li>Starter-Set f\u00fcr jedes neu eingebaute Ger\u00e4t<\/li>\n<\/ul>\n\n","protected":false},"excerpt":{"rendered":"<p>Der Umwelt zuliebe: Jetzt Alt gegen Neu tauschen! Mit der 1. Bundes-Immissionsschutzverordnung hat der Gesetzgeber Rahmenrichtlinien f\u00fcr die Senkung von Schadstoffabgaben an die Umwelt in zwei Stufen geschaffen. Nach dem 31.12.2014 tritt nun die zweite Stufe in Kraft. Da gerade alte Anlagen einen sehr hohen Schadstoffaussto\u00df verursachen, laufen hier die \u00dcbergangsfristen zu diesem Termin aus. [&hellip;]<\/p>\n","protected":false},"author":1,"featured_media":0,"parent":0,"menu_order":0,"comment_status":"closed","ping_status":"closed","template":"","meta":{"footnotes":""},"class_list":["post-169","page","type-page","status-publish","hentry"],"yoast_head":"<!-- This site is optimized with the Yoast SEO plugin v26.9 - https:\/\/yoast.com\/product\/yoast-seo-wordpress\/ -->\n<title>Sanierung - Kachelofen- und Kaminbau Tobias Schulze<\/title>\n<meta name=\"robots\" content=\"index, follow, max-snippet:-1, max-image-preview:large, max-video-preview:-1\" \/>\n<link rel=\"canonical\" href=\"https:\/\/flammenambiente.de\/?page_id=169\" \/>\n<meta property=\"og:locale\" content=\"de_DE\" \/>\n<meta property=\"og:type\" content=\"article\" \/>\n<meta property=\"og:title\" content=\"Sanierung - Kachelofen- und Kaminbau Tobias Schulze\" \/>\n<meta property=\"og:description\" content=\"Der Umwelt zuliebe: Jetzt Alt gegen Neu tauschen! Mit der 1. Bundes-Immissionsschutzverordnung hat der Gesetzgeber Rahmenrichtlinien f\u00fcr die Senkung von Schadstoffabgaben an die Umwelt in zwei Stufen geschaffen. Nach dem 31.12.2014 tritt nun die zweite Stufe in Kraft. Da gerade alte Anlagen einen sehr hohen Schadstoffaussto\u00df verursachen, laufen hier die \u00dcbergangsfristen zu diesem Termin aus. [&hellip;]\" \/>\n<meta property=\"og:url\" content=\"https:\/\/flammenambiente.de\/?page_id=169\" \/>\n<meta property=\"og:site_name\" content=\"Kachelofen- und Kaminbau Tobias Schulze\" \/>\n<meta property=\"article:modified_time\" content=\"2021-03-11T17:47:49+00:00\" \/>\n<meta name=\"twitter:card\" content=\"summary_large_image\" \/>\n<meta name=\"twitter:label1\" content=\"Gesch\u00e4tzte Lesezeit\" \/>\n\t<meta name=\"twitter:data1\" content=\"2\u00a0Minuten\" \/>\n<script type=\"application\/ld+json\" class=\"yoast-schema-graph\">{\"@context\":\"https:\/\/schema.org\",\"@graph\":[{\"@type\":\"WebPage\",\"@id\":\"https:\/\/flammenambiente.de\/?page_id=169\",\"url\":\"https:\/\/flammenambiente.de\/?page_id=169\",\"name\":\"Sanierung - Kachelofen- und Kaminbau Tobias Schulze\",\"isPartOf\":{\"@id\":\"https:\/\/flammenambiente.de\/#website\"},\"datePublished\":\"2020-12-14T22:02:34+00:00\",\"dateModified\":\"2021-03-11T17:47:49+00:00\",\"breadcrumb\":{\"@id\":\"https:\/\/flammenambiente.de\/?page_id=169#breadcrumb\"},\"inLanguage\":\"de\",\"potentialAction\":[{\"@type\":\"ReadAction\",\"target\":[\"https:\/\/flammenambiente.de\/?page_id=169\"]}]},{\"@type\":\"BreadcrumbList\",\"@id\":\"https:\/\/flammenambiente.de\/?page_id=169#breadcrumb\",\"itemListElement\":[{\"@type\":\"ListItem\",\"position\":1,\"name\":\"Start\",\"item\":\"https:\/\/flammenambiente.de\/\"},{\"@type\":\"ListItem\",\"position\":2,\"name\":\"Sanierung\"}]},{\"@type\":\"WebSite\",\"@id\":\"https:\/\/flammenambiente.de\/#website\",\"url\":\"https:\/\/flammenambiente.de\/\",\"name\":\"Kachelofen- und Kaminbau Tobias Schulze\",\"description\":\"\",\"potentialAction\":[{\"@type\":\"SearchAction\",\"target\":{\"@type\":\"EntryPoint\",\"urlTemplate\":\"https:\/\/flammenambiente.de\/?s={search_term_string}\"},\"query-input\":{\"@type\":\"PropertyValueSpecification\",\"valueRequired\":true,\"valueName\":\"search_term_string\"}}],\"inLanguage\":\"de\"}]}<\/script>\n<!-- \/ Yoast SEO plugin. -->","yoast_head_json":{"title":"Sanierung - Kachelofen- und Kaminbau Tobias Schulze","robots":{"index":"index","follow":"follow","max-snippet":"max-snippet:-1","max-image-preview":"max-image-preview:large","max-video-preview":"max-video-preview:-1"},"canonical":"https:\/\/flammenambiente.de\/?page_id=169","og_locale":"de_DE","og_type":"article","og_title":"Sanierung - Kachelofen- und Kaminbau Tobias Schulze","og_description":"Der Umwelt zuliebe: Jetzt Alt gegen Neu tauschen! Mit der 1. Bundes-Immissionsschutzverordnung hat der Gesetzgeber Rahmenrichtlinien f\u00fcr die Senkung von Schadstoffabgaben an die Umwelt in zwei Stufen geschaffen. Nach dem 31.12.2014 tritt nun die zweite Stufe in Kraft. Da gerade alte Anlagen einen sehr hohen Schadstoffaussto\u00df verursachen, laufen hier die \u00dcbergangsfristen zu diesem Termin aus. [&hellip;]","og_url":"https:\/\/flammenambiente.de\/?page_id=169","og_site_name":"Kachelofen- und Kaminbau Tobias Schulze","article_modified_time":"2021-03-11T17:47:49+00:00","twitter_card":"summary_large_image","twitter_misc":{"Gesch\u00e4tzte Lesezeit":"2\u00a0Minuten"},"schema":{"@context":"https:\/\/schema.org","@graph":[{"@type":"WebPage","@id":"https:\/\/flammenambiente.de\/?page_id=169","url":"https:\/\/flammenambiente.de\/?page_id=169","name":"Sanierung - Kachelofen- und Kaminbau Tobias Schulze","isPartOf":{"@id":"https:\/\/flammenambiente.de\/#website"},"datePublished":"2020-12-14T22:02:34+00:00","dateModified":"2021-03-11T17:47:49+00:00","breadcrumb":{"@id":"https:\/\/flammenambiente.de\/?page_id=169#breadcrumb"},"inLanguage":"de","potentialAction":[{"@type":"ReadAction","target":["https:\/\/flammenambiente.de\/?page_id=169"]}]},{"@type":"BreadcrumbList","@id":"https:\/\/flammenambiente.de\/?page_id=169#breadcrumb","itemListElement":[{"@type":"ListItem","position":1,"name":"Start","item":"https:\/\/flammenambiente.de\/"},{"@type":"ListItem","position":2,"name":"Sanierung"}]},{"@type":"WebSite","@id":"https:\/\/flammenambiente.de\/#website","url":"https:\/\/flammenambiente.de\/","name":"Kachelofen- und Kaminbau Tobias Schulze","description":"","potentialAction":[{"@type":"SearchAction","target":{"@type":"EntryPoint","urlTemplate":"https:\/\/flammenambiente.de\/?s={search_term_string}"},"query-input":{"@type":"PropertyValueSpecification","valueRequired":true,"valueName":"search_term_string"}}],"inLanguage":"de"}]}},"_links":{"self":[{"href":"https:\/\/flammenambiente.de\/index.php?rest_route=\/wp\/v2\/pages\/169","targetHints":{"allow":["GET"]}}],"collection":[{"href":"https:\/\/flammenambiente.de\/index.php?rest_route=\/wp\/v2\/pages"}],"about":[{"href":"https:\/\/flammenambiente.de\/index.php?rest_route=\/wp\/v2\/types\/page"}],"author":[{"embeddable":true,"href":"https:\/\/flammenambiente.de\/index.php?rest_route=\/wp\/v2\/users\/1"}],"replies":[{"embeddable":true,"href":"https:\/\/flammenambiente.de\/index.php?rest_route=%2Fwp%2Fv2%2Fcomments&post=169"}],"version-history":[{"count":5,"href":"https:\/\/flammenambiente.de\/index.php?rest_route=\/wp\/v2\/pages\/169\/revisions"}],"predecessor-version":[{"id":348,"href":"https:\/\/flammenambiente.de\/index.php?rest_route=\/wp\/v2\/pages\/169\/revisions\/348"}],"wp:attachment":[{"href":"https:\/\/flammenambiente.de\/index.php?rest_route=%2Fwp%2Fv2%2Fmedia&parent=169"}],"curies":[{"name":"wp","href":"https:\/\/api.w.org\/{rel}","templated":true}]}}