{"id":167,"date":"2020-12-14T23:02:11","date_gmt":"2020-12-14T22:02:11","guid":{"rendered":"http:\/\/localhost\/?page_id=167"},"modified":"2021-03-11T18:35:14","modified_gmt":"2021-03-11T17:35:14","slug":"beratung","status":"publish","type":"page","link":"https:\/\/flammenambiente.de\/?page_id=167","title":{"rendered":"Beratung"},"content":{"rendered":"\n<h1>Beratung<\/h1>\n<h3>Gerade beim individuell gebauten Kamin, Kachelofen oder K\u00fcchenherd spielt die richtige Beratung eine gro\u00dfe Rolle &#8211; nur so ist sichergestellt, dass die fertige Anlage funktional wie optisch exakt Ihren Vorstellungen und Bed\u00fcrfnissen entspricht.<\/h3>\n<p>Gew\u00fcnschte Heizleistung, Nutzungsgewohnheiten, bauliche Verh\u00e4ltnisse, gesetzliche Vorschriften, Budget &#8230; beim Kamin- und Ofenbau gilt es Vieles zu besprechen. Ganz bewusst nehmen wir uns deshalb reichlich Zeit, um in einem ausf\u00fchrlichen Beratungsgespr\u00e4ch alle Punkte in Ruhe mit Ihnen zu kl\u00e4ren. Immer haben wir dabei auch den sp\u00e4teren laufenden Betrieb im Blick. Vor diesem Hintergrund stimmen wir zum Beispiel auch Ihre M\u00f6glichkeiten, geeignetes Brennmaterial zu besorgen und zu lagern, genau mit Ihnen ab.<\/p>\n<p>Ein weiterer wichtiger Teil unserer Beratung ist ein intensiver Austausch zwischen uns und Ihrem zust\u00e4ndigen Bezirksschornsteinfegermeister, etwa in Hinblick auf ein verl\u00e4ssliches Einhalten aller Emissionsvorgaben &#8211; denn er nimmt auch die sp\u00e4tere Abnahme der Anlage vor.<\/p>\n<p>Ihre eigentliche Entscheidung treffen Sie auf Basis eines aussagekr\u00e4ftigen Bauplans, den wir unter Einsatz moderner CAD-Technik im Anschluss an das Beratungsgespr\u00e4ch erstellen und Ihnen ausf\u00fchrlich erl\u00e4utern.<\/p>\n","protected":false},"excerpt":{"rendered":"<p>Beratung Gerade beim individuell gebauten Kamin, Kachelofen oder K\u00fcchenherd spielt die richtige Beratung eine gro\u00dfe Rolle &#8211; nur so ist sichergestellt, dass die fertige Anlage funktional wie optisch exakt Ihren Vorstellungen und Bed\u00fcrfnissen entspricht. Gew\u00fcnschte Heizleistung, Nutzungsgewohnheiten, bauliche Verh\u00e4ltnisse, gesetzliche Vorschriften, Budget &#8230; beim Kamin- und Ofenbau gilt es Vieles zu besprechen. Ganz bewusst nehmen [&hellip;]<\/p>\n","protected":false},"author":1,"featured_media":0,"parent":0,"menu_order":0,"comment_status":"closed","ping_status":"closed","template":"","meta":{"footnotes":""},"class_list":["post-167","page","type-page","status-publish","hentry"],"yoast_head":"<!-- This site is optimized with the Yoast SEO plugin v26.9 - https:\/\/yoast.com\/product\/yoast-seo-wordpress\/ -->\n<title>Beratung - Kachelofen- und Kaminbau Tobias Schulze<\/title>\n<meta name=\"robots\" content=\"index, follow, max-snippet:-1, max-image-preview:large, max-video-preview:-1\" \/>\n<link rel=\"canonical\" href=\"https:\/\/flammenambiente.de\/?page_id=167\" \/>\n<meta property=\"og:locale\" content=\"de_DE\" \/>\n<meta property=\"og:type\" content=\"article\" \/>\n<meta property=\"og:title\" content=\"Beratung - Kachelofen- und Kaminbau Tobias Schulze\" \/>\n<meta property=\"og:description\" content=\"Beratung Gerade beim individuell gebauten Kamin, Kachelofen oder K\u00fcchenherd spielt die richtige Beratung eine gro\u00dfe Rolle &#8211; nur so ist sichergestellt, dass die fertige Anlage funktional wie optisch exakt Ihren Vorstellungen und Bed\u00fcrfnissen entspricht. Gew\u00fcnschte Heizleistung, Nutzungsgewohnheiten, bauliche Verh\u00e4ltnisse, gesetzliche Vorschriften, Budget &#8230; beim Kamin- und Ofenbau gilt es Vieles zu besprechen. Ganz bewusst nehmen [&hellip;]\" \/>\n<meta property=\"og:url\" content=\"https:\/\/flammenambiente.de\/?page_id=167\" \/>\n<meta property=\"og:site_name\" content=\"Kachelofen- und Kaminbau Tobias Schulze\" \/>\n<meta property=\"article:modified_time\" content=\"2021-03-11T17:35:14+00:00\" \/>\n<meta name=\"twitter:card\" content=\"summary_large_image\" \/>\n<meta name=\"twitter:label1\" content=\"Gesch\u00e4tzte Lesezeit\" \/>\n\t<meta name=\"twitter:data1\" content=\"1\u00a0Minute\" \/>\n<script type=\"application\/ld+json\" class=\"yoast-schema-graph\">{\"@context\":\"https:\/\/schema.org\",\"@graph\":[{\"@type\":\"WebPage\",\"@id\":\"https:\/\/flammenambiente.de\/?page_id=167\",\"url\":\"https:\/\/flammenambiente.de\/?page_id=167\",\"name\":\"Beratung - Kachelofen- und Kaminbau Tobias Schulze\",\"isPartOf\":{\"@id\":\"https:\/\/flammenambiente.de\/#website\"},\"datePublished\":\"2020-12-14T22:02:11+00:00\",\"dateModified\":\"2021-03-11T17:35:14+00:00\",\"breadcrumb\":{\"@id\":\"https:\/\/flammenambiente.de\/?page_id=167#breadcrumb\"},\"inLanguage\":\"de\",\"potentialAction\":[{\"@type\":\"ReadAction\",\"target\":[\"https:\/\/flammenambiente.de\/?page_id=167\"]}]},{\"@type\":\"BreadcrumbList\",\"@id\":\"https:\/\/flammenambiente.de\/?page_id=167#breadcrumb\",\"itemListElement\":[{\"@type\":\"ListItem\",\"position\":1,\"name\":\"Start\",\"item\":\"https:\/\/flammenambiente.de\/\"},{\"@type\":\"ListItem\",\"position\":2,\"name\":\"Beratung\"}]},{\"@type\":\"WebSite\",\"@id\":\"https:\/\/flammenambiente.de\/#website\",\"url\":\"https:\/\/flammenambiente.de\/\",\"name\":\"Kachelofen- und Kaminbau Tobias Schulze\",\"description\":\"\",\"potentialAction\":[{\"@type\":\"SearchAction\",\"target\":{\"@type\":\"EntryPoint\",\"urlTemplate\":\"https:\/\/flammenambiente.de\/?s={search_term_string}\"},\"query-input\":{\"@type\":\"PropertyValueSpecification\",\"valueRequired\":true,\"valueName\":\"search_term_string\"}}],\"inLanguage\":\"de\"}]}<\/script>\n<!-- \/ Yoast SEO plugin. -->","yoast_head_json":{"title":"Beratung - Kachelofen- und Kaminbau Tobias Schulze","robots":{"index":"index","follow":"follow","max-snippet":"max-snippet:-1","max-image-preview":"max-image-preview:large","max-video-preview":"max-video-preview:-1"},"canonical":"https:\/\/flammenambiente.de\/?page_id=167","og_locale":"de_DE","og_type":"article","og_title":"Beratung - Kachelofen- und Kaminbau Tobias Schulze","og_description":"Beratung Gerade beim individuell gebauten Kamin, Kachelofen oder K\u00fcchenherd spielt die richtige Beratung eine gro\u00dfe Rolle &#8211; nur so ist sichergestellt, dass die fertige Anlage funktional wie optisch exakt Ihren Vorstellungen und Bed\u00fcrfnissen entspricht. Gew\u00fcnschte Heizleistung, Nutzungsgewohnheiten, bauliche Verh\u00e4ltnisse, gesetzliche Vorschriften, Budget &#8230; beim Kamin- und Ofenbau gilt es Vieles zu besprechen. Ganz bewusst nehmen [&hellip;]","og_url":"https:\/\/flammenambiente.de\/?page_id=167","og_site_name":"Kachelofen- und Kaminbau Tobias Schulze","article_modified_time":"2021-03-11T17:35:14+00:00","twitter_card":"summary_large_image","twitter_misc":{"Gesch\u00e4tzte Lesezeit":"1\u00a0Minute"},"schema":{"@context":"https:\/\/schema.org","@graph":[{"@type":"WebPage","@id":"https:\/\/flammenambiente.de\/?page_id=167","url":"https:\/\/flammenambiente.de\/?page_id=167","name":"Beratung - Kachelofen- und Kaminbau Tobias Schulze","isPartOf":{"@id":"https:\/\/flammenambiente.de\/#website"},"datePublished":"2020-12-14T22:02:11+00:00","dateModified":"2021-03-11T17:35:14+00:00","breadcrumb":{"@id":"https:\/\/flammenambiente.de\/?page_id=167#breadcrumb"},"inLanguage":"de","potentialAction":[{"@type":"ReadAction","target":["https:\/\/flammenambiente.de\/?page_id=167"]}]},{"@type":"BreadcrumbList","@id":"https:\/\/flammenambiente.de\/?page_id=167#breadcrumb","itemListElement":[{"@type":"ListItem","position":1,"name":"Start","item":"https:\/\/flammenambiente.de\/"},{"@type":"ListItem","position":2,"name":"Beratung"}]},{"@type":"WebSite","@id":"https:\/\/flammenambiente.de\/#website","url":"https:\/\/flammenambiente.de\/","name":"Kachelofen- und Kaminbau Tobias Schulze","description":"","potentialAction":[{"@type":"SearchAction","target":{"@type":"EntryPoint","urlTemplate":"https:\/\/flammenambiente.de\/?s={search_term_string}"},"query-input":{"@type":"PropertyValueSpecification","valueRequired":true,"valueName":"search_term_string"}}],"inLanguage":"de"}]}},"_links":{"self":[{"href":"https:\/\/flammenambiente.de\/index.php?rest_route=\/wp\/v2\/pages\/167","targetHints":{"allow":["GET"]}}],"collection":[{"href":"https:\/\/flammenambiente.de\/index.php?rest_route=\/wp\/v2\/pages"}],"about":[{"href":"https:\/\/flammenambiente.de\/index.php?rest_route=\/wp\/v2\/types\/page"}],"author":[{"embeddable":true,"href":"https:\/\/flammenambiente.de\/index.php?rest_route=\/wp\/v2\/users\/1"}],"replies":[{"embeddable":true,"href":"https:\/\/flammenambiente.de\/index.php?rest_route=%2Fwp%2Fv2%2Fcomments&post=167"}],"version-history":[{"count":9,"href":"https:\/\/flammenambiente.de\/index.php?rest_route=\/wp\/v2\/pages\/167\/revisions"}],"predecessor-version":[{"id":339,"href":"https:\/\/flammenambiente.de\/index.php?rest_route=\/wp\/v2\/pages\/167\/revisions\/339"}],"wp:attachment":[{"href":"https:\/\/flammenambiente.de\/index.php?rest_route=%2Fwp%2Fv2%2Fmedia&parent=167"}],"curies":[{"name":"wp","href":"https:\/\/api.w.org\/{rel}","templated":true}]}}