{"id":165,"date":"2020-12-14T23:01:42","date_gmt":"2020-12-14T22:01:42","guid":{"rendered":"http:\/\/localhost\/?page_id=165"},"modified":"2021-03-11T18:37:38","modified_gmt":"2021-03-11T17:37:38","slug":"engagement","status":"publish","type":"page","link":"https:\/\/flammenambiente.de\/?page_id=165","title":{"rendered":"Engagement"},"content":{"rendered":"\n\n\t<h1>Aktuelle Projekte und Engagement<\/h1>\n<h3>Gesellschaftliches Engagement und eine Offenheit f\u00fcr Ideen, die den besonderen Reiz unseres Handwerks vermitteln, sind wichtiger Teil unserer Firmenphilosophie. In Form konkreter Bauleistungen unterst\u00fctzen wir zum Beispiel das Artists for Kids-Zentrum in Weicht bei Buchloe (Allg\u00e4u).<\/h3>\n<p>Das Artist for Kids-Zentrum dient Kindern, Jugendlichen und Familien als Aufenthaltsort f\u00fcr sch\u00f6ne Ferientage, bietet Lerncamps und ist R\u00fcckzugsort bei Krisenzeiten. Kr\u00f6nender Mittelpunkt des Aufenthaltsbereichs des Hauses ist seit kurzem ein wasserf\u00fchrender Kaminofen, der von uns gemeinsam mit dem Schongauer Kaminbaumeister Andreas Seiband errichtet wurde &#8211; unter tatkr\u00e4ftiger Mithilfe vieler Kinder, was ein echtes (Handwerks-)Erlebnis war! J\u00fcngster Neuzugang des Objekts ist ein Pizzabackofen, der ebenfalls von uns gemeinsam mit Kindern gebaut wurde. Er erweitert das Angebot des Hauses um gen\u00fcssliche gemeinsame Koch- und Esserlebnisse.<\/p>\n\n","protected":false},"excerpt":{"rendered":"<p>Aktuelle Projekte und Engagement Gesellschaftliches Engagement und eine Offenheit f\u00fcr Ideen, die den besonderen Reiz unseres Handwerks vermitteln, sind wichtiger Teil unserer Firmenphilosophie. In Form konkreter Bauleistungen unterst\u00fctzen wir zum Beispiel das Artists for Kids-Zentrum in Weicht bei Buchloe (Allg\u00e4u). Das Artist for Kids-Zentrum dient Kindern, Jugendlichen und Familien als Aufenthaltsort f\u00fcr sch\u00f6ne Ferientage, bietet [&hellip;]<\/p>\n","protected":false},"author":1,"featured_media":0,"parent":0,"menu_order":0,"comment_status":"closed","ping_status":"closed","template":"","meta":{"footnotes":""},"class_list":["post-165","page","type-page","status-publish","hentry"],"yoast_head":"<!-- This site is optimized with the Yoast SEO plugin v26.9 - https:\/\/yoast.com\/product\/yoast-seo-wordpress\/ -->\n<title>Engagement - Kachelofen- und Kaminbau Tobias Schulze<\/title>\n<meta name=\"robots\" content=\"index, follow, max-snippet:-1, max-image-preview:large, max-video-preview:-1\" \/>\n<link rel=\"canonical\" href=\"https:\/\/flammenambiente.de\/?page_id=165\" \/>\n<meta property=\"og:locale\" content=\"de_DE\" \/>\n<meta property=\"og:type\" content=\"article\" \/>\n<meta property=\"og:title\" content=\"Engagement - Kachelofen- und Kaminbau Tobias Schulze\" \/>\n<meta property=\"og:description\" content=\"Aktuelle Projekte und Engagement Gesellschaftliches Engagement und eine Offenheit f\u00fcr Ideen, die den besonderen Reiz unseres Handwerks vermitteln, sind wichtiger Teil unserer Firmenphilosophie. In Form konkreter Bauleistungen unterst\u00fctzen wir zum Beispiel das Artists for Kids-Zentrum in Weicht bei Buchloe (Allg\u00e4u). Das Artist for Kids-Zentrum dient Kindern, Jugendlichen und Familien als Aufenthaltsort f\u00fcr sch\u00f6ne Ferientage, bietet [&hellip;]\" \/>\n<meta property=\"og:url\" content=\"https:\/\/flammenambiente.de\/?page_id=165\" \/>\n<meta property=\"og:site_name\" content=\"Kachelofen- und Kaminbau Tobias Schulze\" \/>\n<meta property=\"article:modified_time\" content=\"2021-03-11T17:37:38+00:00\" \/>\n<meta name=\"twitter:card\" content=\"summary_large_image\" \/>\n<meta name=\"twitter:label1\" content=\"Gesch\u00e4tzte Lesezeit\" \/>\n\t<meta name=\"twitter:data1\" content=\"1\u00a0Minute\" \/>\n<script type=\"application\/ld+json\" class=\"yoast-schema-graph\">{\"@context\":\"https:\/\/schema.org\",\"@graph\":[{\"@type\":\"WebPage\",\"@id\":\"https:\/\/flammenambiente.de\/?page_id=165\",\"url\":\"https:\/\/flammenambiente.de\/?page_id=165\",\"name\":\"Engagement - Kachelofen- und Kaminbau Tobias Schulze\",\"isPartOf\":{\"@id\":\"https:\/\/flammenambiente.de\/#website\"},\"datePublished\":\"2020-12-14T22:01:42+00:00\",\"dateModified\":\"2021-03-11T17:37:38+00:00\",\"breadcrumb\":{\"@id\":\"https:\/\/flammenambiente.de\/?page_id=165#breadcrumb\"},\"inLanguage\":\"de\",\"potentialAction\":[{\"@type\":\"ReadAction\",\"target\":[\"https:\/\/flammenambiente.de\/?page_id=165\"]}]},{\"@type\":\"BreadcrumbList\",\"@id\":\"https:\/\/flammenambiente.de\/?page_id=165#breadcrumb\",\"itemListElement\":[{\"@type\":\"ListItem\",\"position\":1,\"name\":\"Start\",\"item\":\"https:\/\/flammenambiente.de\/\"},{\"@type\":\"ListItem\",\"position\":2,\"name\":\"Engagement\"}]},{\"@type\":\"WebSite\",\"@id\":\"https:\/\/flammenambiente.de\/#website\",\"url\":\"https:\/\/flammenambiente.de\/\",\"name\":\"Kachelofen- und Kaminbau Tobias Schulze\",\"description\":\"\",\"potentialAction\":[{\"@type\":\"SearchAction\",\"target\":{\"@type\":\"EntryPoint\",\"urlTemplate\":\"https:\/\/flammenambiente.de\/?s={search_term_string}\"},\"query-input\":{\"@type\":\"PropertyValueSpecification\",\"valueRequired\":true,\"valueName\":\"search_term_string\"}}],\"inLanguage\":\"de\"}]}<\/script>\n<!-- \/ Yoast SEO plugin. -->","yoast_head_json":{"title":"Engagement - Kachelofen- und Kaminbau Tobias Schulze","robots":{"index":"index","follow":"follow","max-snippet":"max-snippet:-1","max-image-preview":"max-image-preview:large","max-video-preview":"max-video-preview:-1"},"canonical":"https:\/\/flammenambiente.de\/?page_id=165","og_locale":"de_DE","og_type":"article","og_title":"Engagement - Kachelofen- und Kaminbau Tobias Schulze","og_description":"Aktuelle Projekte und Engagement Gesellschaftliches Engagement und eine Offenheit f\u00fcr Ideen, die den besonderen Reiz unseres Handwerks vermitteln, sind wichtiger Teil unserer Firmenphilosophie. In Form konkreter Bauleistungen unterst\u00fctzen wir zum Beispiel das Artists for Kids-Zentrum in Weicht bei Buchloe (Allg\u00e4u). Das Artist for Kids-Zentrum dient Kindern, Jugendlichen und Familien als Aufenthaltsort f\u00fcr sch\u00f6ne Ferientage, bietet [&hellip;]","og_url":"https:\/\/flammenambiente.de\/?page_id=165","og_site_name":"Kachelofen- und Kaminbau Tobias Schulze","article_modified_time":"2021-03-11T17:37:38+00:00","twitter_card":"summary_large_image","twitter_misc":{"Gesch\u00e4tzte Lesezeit":"1\u00a0Minute"},"schema":{"@context":"https:\/\/schema.org","@graph":[{"@type":"WebPage","@id":"https:\/\/flammenambiente.de\/?page_id=165","url":"https:\/\/flammenambiente.de\/?page_id=165","name":"Engagement - Kachelofen- und Kaminbau Tobias Schulze","isPartOf":{"@id":"https:\/\/flammenambiente.de\/#website"},"datePublished":"2020-12-14T22:01:42+00:00","dateModified":"2021-03-11T17:37:38+00:00","breadcrumb":{"@id":"https:\/\/flammenambiente.de\/?page_id=165#breadcrumb"},"inLanguage":"de","potentialAction":[{"@type":"ReadAction","target":["https:\/\/flammenambiente.de\/?page_id=165"]}]},{"@type":"BreadcrumbList","@id":"https:\/\/flammenambiente.de\/?page_id=165#breadcrumb","itemListElement":[{"@type":"ListItem","position":1,"name":"Start","item":"https:\/\/flammenambiente.de\/"},{"@type":"ListItem","position":2,"name":"Engagement"}]},{"@type":"WebSite","@id":"https:\/\/flammenambiente.de\/#website","url":"https:\/\/flammenambiente.de\/","name":"Kachelofen- und Kaminbau Tobias Schulze","description":"","potentialAction":[{"@type":"SearchAction","target":{"@type":"EntryPoint","urlTemplate":"https:\/\/flammenambiente.de\/?s={search_term_string}"},"query-input":{"@type":"PropertyValueSpecification","valueRequired":true,"valueName":"search_term_string"}}],"inLanguage":"de"}]}},"_links":{"self":[{"href":"https:\/\/flammenambiente.de\/index.php?rest_route=\/wp\/v2\/pages\/165","targetHints":{"allow":["GET"]}}],"collection":[{"href":"https:\/\/flammenambiente.de\/index.php?rest_route=\/wp\/v2\/pages"}],"about":[{"href":"https:\/\/flammenambiente.de\/index.php?rest_route=\/wp\/v2\/types\/page"}],"author":[{"embeddable":true,"href":"https:\/\/flammenambiente.de\/index.php?rest_route=\/wp\/v2\/users\/1"}],"replies":[{"embeddable":true,"href":"https:\/\/flammenambiente.de\/index.php?rest_route=%2Fwp%2Fv2%2Fcomments&post=165"}],"version-history":[{"count":7,"href":"https:\/\/flammenambiente.de\/index.php?rest_route=\/wp\/v2\/pages\/165\/revisions"}],"predecessor-version":[{"id":341,"href":"https:\/\/flammenambiente.de\/index.php?rest_route=\/wp\/v2\/pages\/165\/revisions\/341"}],"wp:attachment":[{"href":"https:\/\/flammenambiente.de\/index.php?rest_route=%2Fwp%2Fv2%2Fmedia&parent=165"}],"curies":[{"name":"wp","href":"https:\/\/api.w.org\/{rel}","templated":true}]}}