{"id":163,"date":"2020-12-14T23:00:48","date_gmt":"2020-12-14T22:00:48","guid":{"rendered":"http:\/\/localhost\/?page_id=163"},"modified":"2021-03-11T18:46:29","modified_gmt":"2021-03-11T17:46:29","slug":"kuechenherde","status":"publish","type":"page","link":"https:\/\/flammenambiente.de\/?page_id=163","title":{"rendered":"K\u00fcchenherde"},"content":{"rendered":"\n\n\t<h1>K\u00fcchenherde<\/h1>\n<h3>Gerade im l\u00e4ndlichen Bayern hat sich die Tradition des handwerklich gefertigten K\u00fcchenherds noch vielerorts erhalten. Genie\u00dfen auch Sie die besondere Atmosph\u00e4re und Ausstrahlung eines in bester Ofenbauer-Art gefertigten K\u00fcchenherds von Flammenambiente &#8211; und freuen Sie sich auf ein ganz besonderes Kocherlebnis.<\/h3>\n<p>Dank durchdachter Konzeption und Konstruktion erreichen unsere holzbefeuerten K\u00fcchenherde einen erfreulich hohen Wirkungsgrad, so dass vergleichsweise wenig Brennmaterial erforderlich ist. S\u00e4mtliche Metallteile wie Ofen- oder Rohrt\u00fcren werden \u00fcbrigens in einer Traditions-Schlosserei in Lenggries handwerklich hergestellt. Hier ein \u00dcberblick \u00fcber die unterschiedlichen Herdarten, die wir f\u00fcr Sie gerne realisieren:<\/p>\n<ul>\n<li>Tischherd<br \/>\nDer klassische, massiv gemauerte Herd<\/li>\n<li>Aufsatzherd<br \/>\nErh\u00f6hte Heizleistung &#8211; ideal f\u00fcr die gro\u00dfe K\u00fcche. Heizt den Raum auf angenehme Weise gleich mit<\/li>\n<li>Durchheizherd<br \/>\nErm\u00f6glicht gleichzeitiges Beheizen mehrerer Wohnr\u00e4ume<\/li>\n<li>Inselherd<br \/>\nVon allen Seiten zug\u00e4nglich &#8211; perfekt f\u00fcr die extravagante K\u00fcche. Auch m\u00f6glich als zentrale K\u00fccheneinheit in Kombination mit Elektrok\u00fcchenger\u00e4ten<\/li>\n<li>Beistellherd<br \/>\nDie kosteng\u00fcnstige und Platz sparende Alternative &#8211; l\u00e4sst sich auch in Wohnk\u00fcchen integrieren<\/li>\n<li>Kesselherd Dient vor allem, um Wasser zu erw\u00e4rmen<\/li>\n<\/ul>\n\n","protected":false},"excerpt":{"rendered":"<p>K\u00fcchenherde Gerade im l\u00e4ndlichen Bayern hat sich die Tradition des handwerklich gefertigten K\u00fcchenherds noch vielerorts erhalten. Genie\u00dfen auch Sie die besondere Atmosph\u00e4re und Ausstrahlung eines in bester Ofenbauer-Art gefertigten K\u00fcchenherds von Flammenambiente &#8211; und freuen Sie sich auf ein ganz besonderes Kocherlebnis. Dank durchdachter Konzeption und Konstruktion erreichen unsere holzbefeuerten K\u00fcchenherde einen erfreulich hohen Wirkungsgrad, [&hellip;]<\/p>\n","protected":false},"author":1,"featured_media":0,"parent":83,"menu_order":0,"comment_status":"closed","ping_status":"closed","template":"","meta":{"footnotes":""},"class_list":["post-163","page","type-page","status-publish","hentry"],"yoast_head":"<!-- This site is optimized with the Yoast SEO plugin v26.9 - https:\/\/yoast.com\/product\/yoast-seo-wordpress\/ -->\n<title>K\u00fcchenherde - Kachelofen- und Kaminbau Tobias Schulze<\/title>\n<meta name=\"robots\" content=\"index, follow, max-snippet:-1, max-image-preview:large, max-video-preview:-1\" \/>\n<link rel=\"canonical\" href=\"https:\/\/flammenambiente.de\/?page_id=163\" \/>\n<meta property=\"og:locale\" content=\"de_DE\" \/>\n<meta property=\"og:type\" content=\"article\" \/>\n<meta property=\"og:title\" content=\"K\u00fcchenherde - Kachelofen- und Kaminbau Tobias Schulze\" \/>\n<meta property=\"og:description\" content=\"K\u00fcchenherde Gerade im l\u00e4ndlichen Bayern hat sich die Tradition des handwerklich gefertigten K\u00fcchenherds noch vielerorts erhalten. Genie\u00dfen auch Sie die besondere Atmosph\u00e4re und Ausstrahlung eines in bester Ofenbauer-Art gefertigten K\u00fcchenherds von Flammenambiente &#8211; und freuen Sie sich auf ein ganz besonderes Kocherlebnis. Dank durchdachter Konzeption und Konstruktion erreichen unsere holzbefeuerten K\u00fcchenherde einen erfreulich hohen Wirkungsgrad, [&hellip;]\" \/>\n<meta property=\"og:url\" content=\"https:\/\/flammenambiente.de\/?page_id=163\" \/>\n<meta property=\"og:site_name\" content=\"Kachelofen- und Kaminbau Tobias Schulze\" \/>\n<meta property=\"article:modified_time\" content=\"2021-03-11T17:46:29+00:00\" \/>\n<meta name=\"twitter:card\" content=\"summary_large_image\" \/>\n<meta name=\"twitter:label1\" content=\"Gesch\u00e4tzte Lesezeit\" \/>\n\t<meta name=\"twitter:data1\" content=\"1\u00a0Minute\" \/>\n<script type=\"application\/ld+json\" class=\"yoast-schema-graph\">{\"@context\":\"https:\/\/schema.org\",\"@graph\":[{\"@type\":\"WebPage\",\"@id\":\"https:\/\/flammenambiente.de\/?page_id=163\",\"url\":\"https:\/\/flammenambiente.de\/?page_id=163\",\"name\":\"K\u00fcchenherde - Kachelofen- und Kaminbau Tobias Schulze\",\"isPartOf\":{\"@id\":\"https:\/\/flammenambiente.de\/#website\"},\"datePublished\":\"2020-12-14T22:00:48+00:00\",\"dateModified\":\"2021-03-11T17:46:29+00:00\",\"breadcrumb\":{\"@id\":\"https:\/\/flammenambiente.de\/?page_id=163#breadcrumb\"},\"inLanguage\":\"de\",\"potentialAction\":[{\"@type\":\"ReadAction\",\"target\":[\"https:\/\/flammenambiente.de\/?page_id=163\"]}]},{\"@type\":\"BreadcrumbList\",\"@id\":\"https:\/\/flammenambiente.de\/?page_id=163#breadcrumb\",\"itemListElement\":[{\"@type\":\"ListItem\",\"position\":1,\"name\":\"Start\",\"item\":\"https:\/\/flammenambiente.de\/\"},{\"@type\":\"ListItem\",\"position\":2,\"name\":\"Leistungen\",\"item\":\"https:\/\/flammenambiente.de\/?page_id=83\"},{\"@type\":\"ListItem\",\"position\":3,\"name\":\"K\u00fcchenherde\"}]},{\"@type\":\"WebSite\",\"@id\":\"https:\/\/flammenambiente.de\/#website\",\"url\":\"https:\/\/flammenambiente.de\/\",\"name\":\"Kachelofen- und Kaminbau Tobias Schulze\",\"description\":\"\",\"potentialAction\":[{\"@type\":\"SearchAction\",\"target\":{\"@type\":\"EntryPoint\",\"urlTemplate\":\"https:\/\/flammenambiente.de\/?s={search_term_string}\"},\"query-input\":{\"@type\":\"PropertyValueSpecification\",\"valueRequired\":true,\"valueName\":\"search_term_string\"}}],\"inLanguage\":\"de\"}]}<\/script>\n<!-- \/ Yoast SEO plugin. -->","yoast_head_json":{"title":"K\u00fcchenherde - Kachelofen- und Kaminbau Tobias Schulze","robots":{"index":"index","follow":"follow","max-snippet":"max-snippet:-1","max-image-preview":"max-image-preview:large","max-video-preview":"max-video-preview:-1"},"canonical":"https:\/\/flammenambiente.de\/?page_id=163","og_locale":"de_DE","og_type":"article","og_title":"K\u00fcchenherde - Kachelofen- und Kaminbau Tobias Schulze","og_description":"K\u00fcchenherde Gerade im l\u00e4ndlichen Bayern hat sich die Tradition des handwerklich gefertigten K\u00fcchenherds noch vielerorts erhalten. Genie\u00dfen auch Sie die besondere Atmosph\u00e4re und Ausstrahlung eines in bester Ofenbauer-Art gefertigten K\u00fcchenherds von Flammenambiente &#8211; und freuen Sie sich auf ein ganz besonderes Kocherlebnis. Dank durchdachter Konzeption und Konstruktion erreichen unsere holzbefeuerten K\u00fcchenherde einen erfreulich hohen Wirkungsgrad, [&hellip;]","og_url":"https:\/\/flammenambiente.de\/?page_id=163","og_site_name":"Kachelofen- und Kaminbau Tobias Schulze","article_modified_time":"2021-03-11T17:46:29+00:00","twitter_card":"summary_large_image","twitter_misc":{"Gesch\u00e4tzte Lesezeit":"1\u00a0Minute"},"schema":{"@context":"https:\/\/schema.org","@graph":[{"@type":"WebPage","@id":"https:\/\/flammenambiente.de\/?page_id=163","url":"https:\/\/flammenambiente.de\/?page_id=163","name":"K\u00fcchenherde - Kachelofen- und Kaminbau Tobias Schulze","isPartOf":{"@id":"https:\/\/flammenambiente.de\/#website"},"datePublished":"2020-12-14T22:00:48+00:00","dateModified":"2021-03-11T17:46:29+00:00","breadcrumb":{"@id":"https:\/\/flammenambiente.de\/?page_id=163#breadcrumb"},"inLanguage":"de","potentialAction":[{"@type":"ReadAction","target":["https:\/\/flammenambiente.de\/?page_id=163"]}]},{"@type":"BreadcrumbList","@id":"https:\/\/flammenambiente.de\/?page_id=163#breadcrumb","itemListElement":[{"@type":"ListItem","position":1,"name":"Start","item":"https:\/\/flammenambiente.de\/"},{"@type":"ListItem","position":2,"name":"Leistungen","item":"https:\/\/flammenambiente.de\/?page_id=83"},{"@type":"ListItem","position":3,"name":"K\u00fcchenherde"}]},{"@type":"WebSite","@id":"https:\/\/flammenambiente.de\/#website","url":"https:\/\/flammenambiente.de\/","name":"Kachelofen- und Kaminbau Tobias Schulze","description":"","potentialAction":[{"@type":"SearchAction","target":{"@type":"EntryPoint","urlTemplate":"https:\/\/flammenambiente.de\/?s={search_term_string}"},"query-input":{"@type":"PropertyValueSpecification","valueRequired":true,"valueName":"search_term_string"}}],"inLanguage":"de"}]}},"_links":{"self":[{"href":"https:\/\/flammenambiente.de\/index.php?rest_route=\/wp\/v2\/pages\/163","targetHints":{"allow":["GET"]}}],"collection":[{"href":"https:\/\/flammenambiente.de\/index.php?rest_route=\/wp\/v2\/pages"}],"about":[{"href":"https:\/\/flammenambiente.de\/index.php?rest_route=\/wp\/v2\/types\/page"}],"author":[{"embeddable":true,"href":"https:\/\/flammenambiente.de\/index.php?rest_route=\/wp\/v2\/users\/1"}],"replies":[{"embeddable":true,"href":"https:\/\/flammenambiente.de\/index.php?rest_route=%2Fwp%2Fv2%2Fcomments&post=163"}],"version-history":[{"count":3,"href":"https:\/\/flammenambiente.de\/index.php?rest_route=\/wp\/v2\/pages\/163\/revisions"}],"predecessor-version":[{"id":346,"href":"https:\/\/flammenambiente.de\/index.php?rest_route=\/wp\/v2\/pages\/163\/revisions\/346"}],"up":[{"embeddable":true,"href":"https:\/\/flammenambiente.de\/index.php?rest_route=\/wp\/v2\/pages\/83"}],"wp:attachment":[{"href":"https:\/\/flammenambiente.de\/index.php?rest_route=%2Fwp%2Fv2%2Fmedia&parent=163"}],"curies":[{"name":"wp","href":"https:\/\/api.w.org\/{rel}","templated":true}]}}