{"id":161,"date":"2020-12-14T22:59:58","date_gmt":"2020-12-14T21:59:58","guid":{"rendered":"http:\/\/localhost\/?page_id=161"},"modified":"2021-03-11T18:47:07","modified_gmt":"2021-03-11T17:47:07","slug":"wassergefuehrte-anlagen","status":"publish","type":"page","link":"https:\/\/flammenambiente.de\/?page_id=161","title":{"rendered":"Wassergef\u00fchrte Anlagen"},"content":{"rendered":"\n\n\t<h1>Wassergef\u00fchrte Anlagen<\/h1>\n<h3>Auf Wunsch f\u00fchren wir Ihren Kachelofen, Kamin oder K\u00fcchenherd als wassergef\u00fchrte Anlage aus, die Ihr Heiz- und Brauchwasser erw\u00e4rmt. So wird die erzeugte W\u00e4rmeenergie besonders effektiv genutzt &#8211; und Sie sparen bares Geld.<\/h3>\n<p>Bei einer Ausf\u00fchrung als wassergef\u00fchrte Anlage wird die erzeugte W\u00e4rmeenergie zus\u00e4tzlich genutzt, um Heizwasser f\u00fcr Heizk\u00f6rper oder Fu\u00dfboden- und Wandheizungen zu erw\u00e4rmen. Ebenso l\u00e4sst sich auch das Trinkwasser erw\u00e4rmen, zum Beispiel f\u00fcr den Warmwasserbedarf beim Duschen und Baden. Alle erforderlichen Komponenten werden dabei v\u00f6llig unsichtbar verbaut &#8211; von au\u00dfen ist Ihr wasserf\u00fchrender Kachelofen, Kamin oder K\u00fcchenherd von der klassischen Version nicht zu unterscheiden. Umso gr\u00f6\u00dfer ist die damit verbundene Kostenersparnis.<\/p>\n<p>Je nach Haustyp und Energieverbrauch kann eine wassergef\u00fchrte Anlage auch den Start in eine komplette Unabh\u00e4ngigkeit von \u00d6l und Gas erm\u00f6glichen, zum Beispiel in Verbindung mit einer Solar-Thermie-Anlage. Sprechen Sie uns bei Interesse einfach an, auch hier beraten wir Sie gerne.<\/p>\n\n","protected":false},"excerpt":{"rendered":"<p>Wassergef\u00fchrte Anlagen Auf Wunsch f\u00fchren wir Ihren Kachelofen, Kamin oder K\u00fcchenherd als wassergef\u00fchrte Anlage aus, die Ihr Heiz- und Brauchwasser erw\u00e4rmt. So wird die erzeugte W\u00e4rmeenergie besonders effektiv genutzt &#8211; und Sie sparen bares Geld. Bei einer Ausf\u00fchrung als wassergef\u00fchrte Anlage wird die erzeugte W\u00e4rmeenergie zus\u00e4tzlich genutzt, um Heizwasser f\u00fcr Heizk\u00f6rper oder Fu\u00dfboden- und Wandheizungen [&hellip;]<\/p>\n","protected":false},"author":1,"featured_media":0,"parent":83,"menu_order":0,"comment_status":"closed","ping_status":"closed","template":"","meta":{"footnotes":""},"class_list":["post-161","page","type-page","status-publish","hentry"],"yoast_head":"<!-- This site is optimized with the Yoast SEO plugin v26.9 - https:\/\/yoast.com\/product\/yoast-seo-wordpress\/ -->\n<title>Wassergef\u00fchrte Anlagen - Kachelofen- und Kaminbau Tobias Schulze<\/title>\n<meta name=\"robots\" content=\"index, follow, max-snippet:-1, max-image-preview:large, max-video-preview:-1\" \/>\n<link rel=\"canonical\" href=\"https:\/\/flammenambiente.de\/?page_id=161\" \/>\n<meta property=\"og:locale\" content=\"de_DE\" \/>\n<meta property=\"og:type\" content=\"article\" \/>\n<meta property=\"og:title\" content=\"Wassergef\u00fchrte Anlagen - Kachelofen- und Kaminbau Tobias Schulze\" \/>\n<meta property=\"og:description\" content=\"Wassergef\u00fchrte Anlagen Auf Wunsch f\u00fchren wir Ihren Kachelofen, Kamin oder K\u00fcchenherd als wassergef\u00fchrte Anlage aus, die Ihr Heiz- und Brauchwasser erw\u00e4rmt. So wird die erzeugte W\u00e4rmeenergie besonders effektiv genutzt &#8211; und Sie sparen bares Geld. Bei einer Ausf\u00fchrung als wassergef\u00fchrte Anlage wird die erzeugte W\u00e4rmeenergie zus\u00e4tzlich genutzt, um Heizwasser f\u00fcr Heizk\u00f6rper oder Fu\u00dfboden- und Wandheizungen [&hellip;]\" \/>\n<meta property=\"og:url\" content=\"https:\/\/flammenambiente.de\/?page_id=161\" \/>\n<meta property=\"og:site_name\" content=\"Kachelofen- und Kaminbau Tobias Schulze\" \/>\n<meta property=\"article:modified_time\" content=\"2021-03-11T17:47:07+00:00\" \/>\n<meta name=\"twitter:card\" content=\"summary_large_image\" \/>\n<meta name=\"twitter:label1\" content=\"Gesch\u00e4tzte Lesezeit\" \/>\n\t<meta name=\"twitter:data1\" content=\"1\u00a0Minute\" \/>\n<script type=\"application\/ld+json\" class=\"yoast-schema-graph\">{\"@context\":\"https:\/\/schema.org\",\"@graph\":[{\"@type\":\"WebPage\",\"@id\":\"https:\/\/flammenambiente.de\/?page_id=161\",\"url\":\"https:\/\/flammenambiente.de\/?page_id=161\",\"name\":\"Wassergef\u00fchrte Anlagen - Kachelofen- und Kaminbau Tobias Schulze\",\"isPartOf\":{\"@id\":\"https:\/\/flammenambiente.de\/#website\"},\"datePublished\":\"2020-12-14T21:59:58+00:00\",\"dateModified\":\"2021-03-11T17:47:07+00:00\",\"breadcrumb\":{\"@id\":\"https:\/\/flammenambiente.de\/?page_id=161#breadcrumb\"},\"inLanguage\":\"de\",\"potentialAction\":[{\"@type\":\"ReadAction\",\"target\":[\"https:\/\/flammenambiente.de\/?page_id=161\"]}]},{\"@type\":\"BreadcrumbList\",\"@id\":\"https:\/\/flammenambiente.de\/?page_id=161#breadcrumb\",\"itemListElement\":[{\"@type\":\"ListItem\",\"position\":1,\"name\":\"Start\",\"item\":\"https:\/\/flammenambiente.de\/\"},{\"@type\":\"ListItem\",\"position\":2,\"name\":\"Leistungen\",\"item\":\"https:\/\/flammenambiente.de\/?page_id=83\"},{\"@type\":\"ListItem\",\"position\":3,\"name\":\"Wassergef\u00fchrte Anlagen\"}]},{\"@type\":\"WebSite\",\"@id\":\"https:\/\/flammenambiente.de\/#website\",\"url\":\"https:\/\/flammenambiente.de\/\",\"name\":\"Kachelofen- und Kaminbau Tobias Schulze\",\"description\":\"\",\"potentialAction\":[{\"@type\":\"SearchAction\",\"target\":{\"@type\":\"EntryPoint\",\"urlTemplate\":\"https:\/\/flammenambiente.de\/?s={search_term_string}\"},\"query-input\":{\"@type\":\"PropertyValueSpecification\",\"valueRequired\":true,\"valueName\":\"search_term_string\"}}],\"inLanguage\":\"de\"}]}<\/script>\n<!-- \/ Yoast SEO plugin. -->","yoast_head_json":{"title":"Wassergef\u00fchrte Anlagen - Kachelofen- und Kaminbau Tobias Schulze","robots":{"index":"index","follow":"follow","max-snippet":"max-snippet:-1","max-image-preview":"max-image-preview:large","max-video-preview":"max-video-preview:-1"},"canonical":"https:\/\/flammenambiente.de\/?page_id=161","og_locale":"de_DE","og_type":"article","og_title":"Wassergef\u00fchrte Anlagen - Kachelofen- und Kaminbau Tobias Schulze","og_description":"Wassergef\u00fchrte Anlagen Auf Wunsch f\u00fchren wir Ihren Kachelofen, Kamin oder K\u00fcchenherd als wassergef\u00fchrte Anlage aus, die Ihr Heiz- und Brauchwasser erw\u00e4rmt. So wird die erzeugte W\u00e4rmeenergie besonders effektiv genutzt &#8211; und Sie sparen bares Geld. Bei einer Ausf\u00fchrung als wassergef\u00fchrte Anlage wird die erzeugte W\u00e4rmeenergie zus\u00e4tzlich genutzt, um Heizwasser f\u00fcr Heizk\u00f6rper oder Fu\u00dfboden- und Wandheizungen [&hellip;]","og_url":"https:\/\/flammenambiente.de\/?page_id=161","og_site_name":"Kachelofen- und Kaminbau Tobias Schulze","article_modified_time":"2021-03-11T17:47:07+00:00","twitter_card":"summary_large_image","twitter_misc":{"Gesch\u00e4tzte Lesezeit":"1\u00a0Minute"},"schema":{"@context":"https:\/\/schema.org","@graph":[{"@type":"WebPage","@id":"https:\/\/flammenambiente.de\/?page_id=161","url":"https:\/\/flammenambiente.de\/?page_id=161","name":"Wassergef\u00fchrte Anlagen - Kachelofen- und Kaminbau Tobias Schulze","isPartOf":{"@id":"https:\/\/flammenambiente.de\/#website"},"datePublished":"2020-12-14T21:59:58+00:00","dateModified":"2021-03-11T17:47:07+00:00","breadcrumb":{"@id":"https:\/\/flammenambiente.de\/?page_id=161#breadcrumb"},"inLanguage":"de","potentialAction":[{"@type":"ReadAction","target":["https:\/\/flammenambiente.de\/?page_id=161"]}]},{"@type":"BreadcrumbList","@id":"https:\/\/flammenambiente.de\/?page_id=161#breadcrumb","itemListElement":[{"@type":"ListItem","position":1,"name":"Start","item":"https:\/\/flammenambiente.de\/"},{"@type":"ListItem","position":2,"name":"Leistungen","item":"https:\/\/flammenambiente.de\/?page_id=83"},{"@type":"ListItem","position":3,"name":"Wassergef\u00fchrte Anlagen"}]},{"@type":"WebSite","@id":"https:\/\/flammenambiente.de\/#website","url":"https:\/\/flammenambiente.de\/","name":"Kachelofen- und Kaminbau Tobias Schulze","description":"","potentialAction":[{"@type":"SearchAction","target":{"@type":"EntryPoint","urlTemplate":"https:\/\/flammenambiente.de\/?s={search_term_string}"},"query-input":{"@type":"PropertyValueSpecification","valueRequired":true,"valueName":"search_term_string"}}],"inLanguage":"de"}]}},"_links":{"self":[{"href":"https:\/\/flammenambiente.de\/index.php?rest_route=\/wp\/v2\/pages\/161","targetHints":{"allow":["GET"]}}],"collection":[{"href":"https:\/\/flammenambiente.de\/index.php?rest_route=\/wp\/v2\/pages"}],"about":[{"href":"https:\/\/flammenambiente.de\/index.php?rest_route=\/wp\/v2\/types\/page"}],"author":[{"embeddable":true,"href":"https:\/\/flammenambiente.de\/index.php?rest_route=\/wp\/v2\/users\/1"}],"replies":[{"embeddable":true,"href":"https:\/\/flammenambiente.de\/index.php?rest_route=%2Fwp%2Fv2%2Fcomments&post=161"}],"version-history":[{"count":4,"href":"https:\/\/flammenambiente.de\/index.php?rest_route=\/wp\/v2\/pages\/161\/revisions"}],"predecessor-version":[{"id":347,"href":"https:\/\/flammenambiente.de\/index.php?rest_route=\/wp\/v2\/pages\/161\/revisions\/347"}],"up":[{"embeddable":true,"href":"https:\/\/flammenambiente.de\/index.php?rest_route=\/wp\/v2\/pages\/83"}],"wp:attachment":[{"href":"https:\/\/flammenambiente.de\/index.php?rest_route=%2Fwp%2Fv2%2Fmedia&parent=161"}],"curies":[{"name":"wp","href":"https:\/\/api.w.org\/{rel}","templated":true}]}}